{"id":2977,"date":"2025-06-29T17:36:01","date_gmt":"2025-06-29T15:36:01","guid":{"rendered":"https:\/\/lebelapresminuit.com\/legal-notices\/"},"modified":"2025-11-07T11:58:15","modified_gmt":"2025-11-07T10:58:15","slug":"legal-notices","status":"publish","type":"page","link":"https:\/\/lebelapresminuit.com\/en\/legal-notices\/","title":{"rendered":"Legal notices"},"content":{"rendered":"<div class=\"wpb-content-wrapper\"><p>[vc_row section_type=&#8221;fullwidth&#8221; padding_top_multiplier=&#8221;custom&#8221; rc_bg_type=&#8221;color&#8221; columns_gap=&#8221;30&#8243; rc_bg_color=&#8221;#000000&#8243; padding_top=&#8221;240&#8243;][vc_column rc_heading_color=&#8221;white&#8221; rc_link_color=&#8221;white&#8221; rc_link_hover_color=&#8221;primary-1&#8243; rc_font_color=&#8221;#FFFFFF&#8221;]<h1 class=\"grve-element grve-title grve-align-inherit grve-subtitle-text\"><span>Legal notices<\/span><\/h1>[\/vc_column][\/vc_row][vc_row section_type=&#8221;fullwidth&#8221; columns_gap=&#8221;30&#8243;][vc_column][vc_column_text css=&#8221;&#8221;]<strong>Le bel apr\u00e8s-minuit<\/strong><br \/>\n<em>Compagnie de th\u00e9\u00e2tre jeune public<\/em><br \/>\n19 avenue de Paris<br \/>\n94800 Villejuif<br \/>\nSIRET 44777114800056<\/p>\n<p><strong>Director of Publications<\/strong>: B\u00e9n\u00e9dicte Guichardon<br \/>\n<a href=\"mailto:lebelapresminuit@gmail.com\"><span style=\"text-decoration: underline;\">lebelapresminuit@gmail.com<\/span><\/a><\/p>\n<p><strong>Host<\/strong><br \/>\nOVH<br \/>\n2, rue Kellermann<br \/>\n59100 Roubaix<\/p>\n<p><strong>Website creation<\/strong>: <a href=\"https:\/\/loicthisse.com\" target=\"_blank\" rel=\"noopener\"><span style=\"text-decoration: underline;\">Lo\u00efc Thisse<\/span><\/a>[\/vc_column_text][\/vc_column][\/vc_row]<\/p>\n<\/div>","protected":false},"excerpt":{"rendered":"<p>[vc_row section_type=&#8221;fullwidth&#8221; padding_top_multiplier=&#8221;custom&#8221; rc_bg_type=&#8221;color&#8221; columns_gap=&#8221;30&#8243; rc_bg_color=&#8221;#000000&#8243; padding_top=&#8221;240&#8243;][vc_column rc_heading_color=&#8221;white&#8221; rc_link_color=&#8221;white&#8221; rc_link_hover_color=&#8221;primary-1&#8243; rc_font_color=&#8221;#FFFFFF&#8221;][\/vc_column][\/vc_row][vc_row section_type=&#8221;fullwidth&#8221; columns_gap=&#8221;30&#8243;][vc_column][vc_column_text css=&#8221;&#8221;]Le bel apr\u00e8s-minuit Compagnie de th\u00e9\u00e2tre jeune public 19 avenue de Paris 94800 Villejuif SIRET 44777114800056 Director of Publications: B\u00e9n\u00e9dicte Guichardon lebelapresminuit@gmail.com Host OVH 2, rue Kellermann 59100 Roubaix Website creation: Lo\u00efc Thisse[\/vc_column_text][\/vc_column][\/vc_row]<\/p>\n","protected":false},"author":1,"featured_media":0,"parent":0,"menu_order":0,"comment_status":"closed","ping_status":"closed","template":"","meta":{"footnotes":""},"class_list":["post-2977","page","type-page","status-publish","hentry","grve-entry-item"],"yoast_head":"<!-- This site is optimized with the Yoast SEO plugin v26.9 - https:\/\/yoast.com\/product\/yoast-seo-wordpress\/ -->\n<title>Legal notices - Le bel apr\u00e8s-minuit<\/title>\n<meta name=\"description\" content=\"Le bel apr\u00e8s-minuit, theater company for young audiences, 19 avenue de Paris, 94800 Villejuif, France\" \/>\n<meta name=\"robots\" content=\"index, follow, max-snippet:-1, max-image-preview:large, max-video-preview:-1\" \/>\n<link rel=\"canonical\" href=\"https:\/\/lebelapresminuit.com\/en\/legal-notices\/\" \/>\n<meta property=\"og:locale\" content=\"en_US\" \/>\n<meta property=\"og:type\" content=\"article\" \/>\n<meta property=\"og:title\" content=\"Legal notices - Le bel apr\u00e8s-minuit\" \/>\n<meta property=\"og:description\" content=\"Le bel apr\u00e8s-minuit, theater company for young audiences, 19 avenue de Paris, 94800 Villejuif, France\" \/>\n<meta property=\"og:url\" content=\"https:\/\/lebelapresminuit.com\/en\/legal-notices\/\" \/>\n<meta property=\"og:site_name\" content=\"Le bel apr\u00e8s-minuit\" \/>\n<meta property=\"article:modified_time\" content=\"2025-11-07T10:58:15+00:00\" \/>\n<meta property=\"og:image\" content=\"https:\/\/lebelapresminuit.com\/wp-content\/uploads\/2025\/09\/les-abimes-2.jpg\" \/>\n\t<meta property=\"og:image:width\" content=\"1280\" \/>\n\t<meta property=\"og:image:height\" content=\"720\" \/>\n\t<meta property=\"og:image:type\" content=\"image\/jpeg\" \/>\n<meta name=\"twitter:card\" content=\"summary_large_image\" \/>\n<meta name=\"twitter:label1\" content=\"Est. reading time\" \/>\n\t<meta name=\"twitter:data1\" content=\"1 minute\" \/>\n<script type=\"application\/ld+json\" class=\"yoast-schema-graph\">{\"@context\":\"https:\/\/schema.org\",\"@graph\":[{\"@type\":\"WebPage\",\"@id\":\"https:\/\/lebelapresminuit.com\/en\/legal-notices\/\",\"url\":\"https:\/\/lebelapresminuit.com\/en\/legal-notices\/\",\"name\":\"Legal notices - Le bel apr\u00e8s-minuit\",\"isPartOf\":{\"@id\":\"https:\/\/lebelapresminuit.com\/#website\"},\"datePublished\":\"2025-06-29T15:36:01+00:00\",\"dateModified\":\"2025-11-07T10:58:15+00:00\",\"description\":\"Le bel apr\u00e8s-minuit, theater company for young audiences, 19 avenue de Paris, 94800 Villejuif, France\",\"breadcrumb\":{\"@id\":\"https:\/\/lebelapresminuit.com\/en\/legal-notices\/#breadcrumb\"},\"inLanguage\":\"en-US\",\"potentialAction\":[{\"@type\":\"ReadAction\",\"target\":[\"https:\/\/lebelapresminuit.com\/en\/legal-notices\/\"]}]},{\"@type\":\"BreadcrumbList\",\"@id\":\"https:\/\/lebelapresminuit.com\/en\/legal-notices\/#breadcrumb\",\"itemListElement\":[{\"@type\":\"ListItem\",\"position\":1,\"name\":\"Accueil\",\"item\":\"https:\/\/lebelapresminuit.com\/en\/home\/\"},{\"@type\":\"ListItem\",\"position\":2,\"name\":\"Legal notices\"}]},{\"@type\":\"WebSite\",\"@id\":\"https:\/\/lebelapresminuit.com\/#website\",\"url\":\"https:\/\/lebelapresminuit.com\/\",\"name\":\"Le bel apr\u00e8s-minuit\",\"description\":\"Compagnie de th\u00e9\u00e2tre jeune public\",\"publisher\":{\"@id\":\"https:\/\/lebelapresminuit.com\/#organization\"},\"potentialAction\":[{\"@type\":\"SearchAction\",\"target\":{\"@type\":\"EntryPoint\",\"urlTemplate\":\"https:\/\/lebelapresminuit.com\/?s={search_term_string}\"},\"query-input\":{\"@type\":\"PropertyValueSpecification\",\"valueRequired\":true,\"valueName\":\"search_term_string\"}}],\"inLanguage\":\"en-US\"},{\"@type\":\"Organization\",\"@id\":\"https:\/\/lebelapresminuit.com\/#organization\",\"name\":\"Le bel apr\u00e8s-minuit\",\"url\":\"https:\/\/lebelapresminuit.com\/\",\"logo\":{\"@type\":\"ImageObject\",\"inLanguage\":\"en-US\",\"@id\":\"https:\/\/lebelapresminuit.com\/#\/schema\/logo\/image\/\",\"url\":\"https:\/\/lebelapresminuit.com\/wp-content\/uploads\/2025\/06\/le-bel-apres-minuit-logo-couleur.png\",\"contentUrl\":\"https:\/\/lebelapresminuit.com\/wp-content\/uploads\/2025\/06\/le-bel-apres-minuit-logo-couleur.png\",\"width\":695,\"height\":569,\"caption\":\"Le bel apr\u00e8s-minuit\"},\"image\":{\"@id\":\"https:\/\/lebelapresminuit.com\/#\/schema\/logo\/image\/\"}}]}<\/script>\n<!-- \/ Yoast SEO plugin. -->","yoast_head_json":{"title":"Legal notices - Le bel apr\u00e8s-minuit","description":"Le bel apr\u00e8s-minuit, theater company for young audiences, 19 avenue de Paris, 94800 Villejuif, France","robots":{"index":"index","follow":"follow","max-snippet":"max-snippet:-1","max-image-preview":"max-image-preview:large","max-video-preview":"max-video-preview:-1"},"canonical":"https:\/\/lebelapresminuit.com\/en\/legal-notices\/","og_locale":"en_US","og_type":"article","og_title":"Legal notices - Le bel apr\u00e8s-minuit","og_description":"Le bel apr\u00e8s-minuit, theater company for young audiences, 19 avenue de Paris, 94800 Villejuif, France","og_url":"https:\/\/lebelapresminuit.com\/en\/legal-notices\/","og_site_name":"Le bel apr\u00e8s-minuit","article_modified_time":"2025-11-07T10:58:15+00:00","og_image":[{"width":1280,"height":720,"url":"https:\/\/lebelapresminuit.com\/wp-content\/uploads\/2025\/09\/les-abimes-2.jpg","type":"image\/jpeg"}],"twitter_card":"summary_large_image","twitter_misc":{"Est. reading time":"1 minute"},"schema":{"@context":"https:\/\/schema.org","@graph":[{"@type":"WebPage","@id":"https:\/\/lebelapresminuit.com\/en\/legal-notices\/","url":"https:\/\/lebelapresminuit.com\/en\/legal-notices\/","name":"Legal notices - Le bel apr\u00e8s-minuit","isPartOf":{"@id":"https:\/\/lebelapresminuit.com\/#website"},"datePublished":"2025-06-29T15:36:01+00:00","dateModified":"2025-11-07T10:58:15+00:00","description":"Le bel apr\u00e8s-minuit, theater company for young audiences, 19 avenue de Paris, 94800 Villejuif, France","breadcrumb":{"@id":"https:\/\/lebelapresminuit.com\/en\/legal-notices\/#breadcrumb"},"inLanguage":"en-US","potentialAction":[{"@type":"ReadAction","target":["https:\/\/lebelapresminuit.com\/en\/legal-notices\/"]}]},{"@type":"BreadcrumbList","@id":"https:\/\/lebelapresminuit.com\/en\/legal-notices\/#breadcrumb","itemListElement":[{"@type":"ListItem","position":1,"name":"Accueil","item":"https:\/\/lebelapresminuit.com\/en\/home\/"},{"@type":"ListItem","position":2,"name":"Legal notices"}]},{"@type":"WebSite","@id":"https:\/\/lebelapresminuit.com\/#website","url":"https:\/\/lebelapresminuit.com\/","name":"Le bel apr\u00e8s-minuit","description":"Compagnie de th\u00e9\u00e2tre jeune public","publisher":{"@id":"https:\/\/lebelapresminuit.com\/#organization"},"potentialAction":[{"@type":"SearchAction","target":{"@type":"EntryPoint","urlTemplate":"https:\/\/lebelapresminuit.com\/?s={search_term_string}"},"query-input":{"@type":"PropertyValueSpecification","valueRequired":true,"valueName":"search_term_string"}}],"inLanguage":"en-US"},{"@type":"Organization","@id":"https:\/\/lebelapresminuit.com\/#organization","name":"Le bel apr\u00e8s-minuit","url":"https:\/\/lebelapresminuit.com\/","logo":{"@type":"ImageObject","inLanguage":"en-US","@id":"https:\/\/lebelapresminuit.com\/#\/schema\/logo\/image\/","url":"https:\/\/lebelapresminuit.com\/wp-content\/uploads\/2025\/06\/le-bel-apres-minuit-logo-couleur.png","contentUrl":"https:\/\/lebelapresminuit.com\/wp-content\/uploads\/2025\/06\/le-bel-apres-minuit-logo-couleur.png","width":695,"height":569,"caption":"Le bel apr\u00e8s-minuit"},"image":{"@id":"https:\/\/lebelapresminuit.com\/#\/schema\/logo\/image\/"}}]}},"_links":{"self":[{"href":"https:\/\/lebelapresminuit.com\/en\/wp-json\/wp\/v2\/pages\/2977","targetHints":{"allow":["GET"]}}],"collection":[{"href":"https:\/\/lebelapresminuit.com\/en\/wp-json\/wp\/v2\/pages"}],"about":[{"href":"https:\/\/lebelapresminuit.com\/en\/wp-json\/wp\/v2\/types\/page"}],"author":[{"embeddable":true,"href":"https:\/\/lebelapresminuit.com\/en\/wp-json\/wp\/v2\/users\/1"}],"replies":[{"embeddable":true,"href":"https:\/\/lebelapresminuit.com\/en\/wp-json\/wp\/v2\/comments?post=2977"}],"version-history":[{"count":2,"href":"https:\/\/lebelapresminuit.com\/en\/wp-json\/wp\/v2\/pages\/2977\/revisions"}],"predecessor-version":[{"id":2979,"href":"https:\/\/lebelapresminuit.com\/en\/wp-json\/wp\/v2\/pages\/2977\/revisions\/2979"}],"wp:attachment":[{"href":"https:\/\/lebelapresminuit.com\/en\/wp-json\/wp\/v2\/media?parent=2977"}],"curies":[{"name":"wp","href":"https:\/\/api.w.org\/{rel}","templated":true}]}}