{"id":2366,"date":"2025-10-02T08:35:10","date_gmt":"2025-10-02T06:35:10","guid":{"rendered":"https:\/\/loicthissedemo3.fr\/residencies\/"},"modified":"2025-11-07T11:12:44","modified_gmt":"2025-11-07T10:12:44","slug":"residencies","status":"publish","type":"page","link":"https:\/\/lebelapresminuit.com\/en\/residencies\/","title":{"rendered":"Residencies"},"content":{"rendered":"<div class=\"wpb-content-wrapper\"><p>[vc_row padding_top_multiplier=&#8221;5x&#8221; padding_bottom_multiplier=&#8221;4x&#8221; rc_bg_type=&#8221;image&#8221; rc_bg_image=&#8221;2824&#8243; rc_bg_color_overlay=&#8221;black&#8221; rc_bg_opacity_overlay=&#8221;30&#8243;][vc_column rc_heading_color=&#8221;white&#8221; grve_css=&#8221;{&#8220;desktop&#8220;:{&#8220;padding-top&#8220;:&#8220;60&#8220;,&#8220;padding-bottom&#8220;:&#8220;60&#8220;,&#8220;class&#8220;:&#8220;grve-wpb-1758813731393&#8220;}}&#8221;]<h1 class=\"grve-element grve-title grve-align-center grve-h3\"><span>Residencies<\/span><\/h1>[\/vc_column][\/vc_row][vc_row padding_top_multiplier=&#8221;custom&#8221; padding_bottom_multiplier=&#8221;custom&#8221; padding_top=&#8221;50&#8243; padding_bottom=&#8221;32&#8243;][vc_column width=&#8221;1\/6&#8243;][\/vc_column][vc_column width=&#8221;2\/3&#8243;][vc_column_text css=&#8221;.vc_custom_1759387161154{padding-bottom: 32px !important;}&#8221;]After four years in residency in Val-de-Bi\u00e8vre (2011\u20132015), followed by a partnership with the Th\u00e9\u00e2tre Andr\u00e9 Malraux in Chevilly-Larue (2018\u20132021), Le bel apr\u00e8s-minuit was invited by the municipalities of La Norville, Arpajon and Saint-Germain-l\u00e8s-Arpajon (Essonne) to conduct a <strong>three-year residency<\/strong>, initially planned for 2023 to 2025.<\/p>\n<p>Supported by the three municipalities, the Essonne Department and the \u00cele-de-France DRAC, this residency has enabled the development of <strong>a particularly rich collaboration with the region and its inhabitants<\/strong>. Due to this positive momentum, it has been <strong>extended until 2026<\/strong>.<\/p>\n<p>This new phase marks a decisive opportunity for the company: to continue its development and roll out <strong>a large-scale arts and cultural education project aimed at young people and families<\/strong>.[\/vc_column_text]<div data-display-style=\"none\" data-spinner=\"no\" data-columns-large-screen=\"2\" data-columns=\"2\" data-columns-tablet-landscape=\"2\" data-columns-tablet-portrait=\"2\" data-columns-mobile=\"2\" data-layout=\"fitRows\" data-gutter-size=\"5\" data-animation=\"none\" data-items-height=\"equal\" class=\"grve-element grve-gallery grve-isotope grve-gallery-popup grve-with-gap\">\r\n\t<div class=\"grve-isotope-container\">\r\n\t\t<div class=\"grve-grid-sizer\"><\/div>\r\n\t\t<div class=\"grve-entry-item grve-popup-item \">\r\n\t\t\t<div class=\"grve-isotope-item-inner\">\r\n\t\t\t\t<div class=\"grve-hover-item grve-hover-style-1\">\r\n\t<div class=\"grve-image-hover grve-media grve-none\">\r\n\t\t\t\t<a class=\"grve-item-url\" href=\"https:\/\/lebelapresminuit.com\/wp-content\/uploads\/2025\/10\/residences-2.jpg\"><span class=\"screen-reader-text\">More<\/span><\/a>\r\n\t\t\t\t<div class=\"grve-thumbnail-wrapper\"><div class=\"grve-thumbnail\"  style=\"padding-top: 75%;\"><img loading=\"lazy\" decoding=\"async\" width=\"560\" height=\"420\" src=\"https:\/\/lebelapresminuit.com\/wp-content\/uploads\/2025\/10\/residences-2-560x420.jpg\" class=\"attachment-impeka-grve-small-rect-horizontal size-impeka-grve-small-rect-horizontal\" alt=\"r\u00e9sidences\" data-column-space=\"100\" data-lazyload=\"\" data-grve-filter=\"yes\" srcset=\"https:\/\/lebelapresminuit.com\/wp-content\/uploads\/2025\/10\/residences-2-560x420.jpg 560w, https:\/\/lebelapresminuit.com\/wp-content\/uploads\/2025\/10\/residences-2-300x225.jpg 300w, https:\/\/lebelapresminuit.com\/wp-content\/uploads\/2025\/10\/residences-2-768x576.jpg 768w, https:\/\/lebelapresminuit.com\/wp-content\/uploads\/2025\/10\/residences-2-900x675.jpg 900w, https:\/\/lebelapresminuit.com\/wp-content\/uploads\/2025\/10\/residences-2.jpg 1024w\" sizes=\"auto, (max-width: 560px) 100vw, 560px\" \/><\/div><\/div>\t\t\t\t<div class=\"grve-bg-white grve-hover-overlay grve-opacity-0\"><\/div>\r\n\t\t\t<\/div>\r\n\t<\/div>\r\n\t\t\t<\/div>\r\n\t\t<\/div>\r\n\t\t<div class=\"grve-entry-item grve-popup-item \">\r\n\t\t\t<div class=\"grve-isotope-item-inner\">\r\n\t\t\t\t<div class=\"grve-hover-item grve-hover-style-1\">\r\n\t<div class=\"grve-image-hover grve-media grve-none\">\r\n\t\t\t\t<a class=\"grve-item-url\" href=\"https:\/\/lebelapresminuit.com\/wp-content\/uploads\/2025\/10\/residences-1.jpg\"><span class=\"screen-reader-text\">More<\/span><\/a>\r\n\t\t\t\t<div class=\"grve-thumbnail-wrapper\"><div class=\"grve-thumbnail\"  style=\"padding-top: 75%;\"><img loading=\"lazy\" decoding=\"async\" width=\"560\" height=\"420\" src=\"https:\/\/lebelapresminuit.com\/wp-content\/uploads\/2025\/10\/residences-1-560x420.jpg\" class=\"attachment-impeka-grve-small-rect-horizontal size-impeka-grve-small-rect-horizontal\" alt=\"residences-1\" data-column-space=\"100\" data-lazyload=\"\" data-grve-filter=\"yes\" srcset=\"https:\/\/lebelapresminuit.com\/wp-content\/uploads\/2025\/10\/residences-1-560x420.jpg 560w, https:\/\/lebelapresminuit.com\/wp-content\/uploads\/2025\/10\/residences-1-900x675.jpg 900w\" sizes=\"auto, (max-width: 560px) 100vw, 560px\" \/><\/div><\/div>\t\t\t\t<div class=\"grve-bg-white grve-hover-overlay grve-opacity-0\"><\/div>\r\n\t\t\t<\/div>\r\n\t<\/div>\r\n\t\t\t<\/div>\r\n\t\t<\/div>\r\n\t\t<div class=\"grve-entry-item grve-popup-item \">\r\n\t\t\t<div class=\"grve-isotope-item-inner\">\r\n\t\t\t\t<div class=\"grve-hover-item grve-hover-style-1\">\r\n\t<div class=\"grve-image-hover grve-media grve-none\">\r\n\t\t\t\t<a class=\"grve-item-url\" href=\"https:\/\/lebelapresminuit.com\/wp-content\/uploads\/2025\/10\/residences-3.jpg\"><span class=\"screen-reader-text\">More<\/span><\/a>\r\n\t\t\t\t<div class=\"grve-thumbnail-wrapper\"><div class=\"grve-thumbnail\"  style=\"padding-top: 75%;\"><img loading=\"lazy\" decoding=\"async\" width=\"560\" height=\"420\" src=\"https:\/\/lebelapresminuit.com\/wp-content\/uploads\/2025\/10\/residences-3-560x420.jpg\" class=\"attachment-impeka-grve-small-rect-horizontal size-impeka-grve-small-rect-horizontal\" alt=\"residences\" data-column-space=\"100\" data-lazyload=\"\" data-grve-filter=\"yes\" srcset=\"https:\/\/lebelapresminuit.com\/wp-content\/uploads\/2025\/10\/residences-3-560x420.jpg 560w, https:\/\/lebelapresminuit.com\/wp-content\/uploads\/2025\/10\/residences-3-300x225.jpg 300w, https:\/\/lebelapresminuit.com\/wp-content\/uploads\/2025\/10\/residences-3-1024x768.jpg 1024w, https:\/\/lebelapresminuit.com\/wp-content\/uploads\/2025\/10\/residences-3-768x576.jpg 768w, https:\/\/lebelapresminuit.com\/wp-content\/uploads\/2025\/10\/residences-3-900x675.jpg 900w, https:\/\/lebelapresminuit.com\/wp-content\/uploads\/2025\/10\/residences-3.jpg 1280w\" sizes=\"auto, (max-width: 560px) 100vw, 560px\" \/><\/div><\/div>\t\t\t\t<div class=\"grve-bg-white grve-hover-overlay grve-opacity-0\"><\/div>\r\n\t\t\t<\/div>\r\n\t<\/div>\r\n\t\t\t<\/div>\r\n\t\t<\/div>\r\n\t\t<div class=\"grve-entry-item grve-popup-item \">\r\n\t\t\t<div class=\"grve-isotope-item-inner\">\r\n\t\t\t\t<div class=\"grve-hover-item grve-hover-style-1\">\r\n\t<div class=\"grve-image-hover grve-media grve-none\">\r\n\t\t\t\t<a class=\"grve-item-url\" href=\"https:\/\/lebelapresminuit.com\/wp-content\/uploads\/2025\/10\/residences-4.jpg\"><span class=\"screen-reader-text\">More<\/span><\/a>\r\n\t\t\t\t<div class=\"grve-thumbnail-wrapper\"><div class=\"grve-thumbnail\"  style=\"padding-top: 75%;\"><img loading=\"lazy\" decoding=\"async\" width=\"560\" height=\"420\" src=\"https:\/\/lebelapresminuit.com\/wp-content\/uploads\/2025\/10\/residences-4-560x420.jpg\" class=\"attachment-impeka-grve-small-rect-horizontal size-impeka-grve-small-rect-horizontal\" alt=\"residences\" data-column-space=\"100\" data-lazyload=\"\" data-grve-filter=\"yes\" srcset=\"https:\/\/lebelapresminuit.com\/wp-content\/uploads\/2025\/10\/residences-4-560x420.jpg 560w, https:\/\/lebelapresminuit.com\/wp-content\/uploads\/2025\/10\/residences-4-900x675.jpg 900w\" sizes=\"auto, (max-width: 560px) 100vw, 560px\" \/><\/div><\/div>\t\t\t\t<div class=\"grve-bg-white grve-hover-overlay grve-opacity-0\"><\/div>\r\n\t\t\t<\/div>\r\n\t<\/div>\r\n\t\t\t<\/div>\r\n\t\t<\/div>\r\n\t<\/div>\r\n<\/div>\r\n[\/vc_column][vc_column width=&#8221;1\/6&#8243;][\/vc_column][\/vc_row][vc_row padding_top_multiplier=&#8221;&#8221; padding_bottom_multiplier=&#8221;&#8221;][vc_column width=&#8221;1\/6&#8243;][\/vc_column][vc_column width=&#8221;2\/3&#8243; grve_css=&#8221;{&#8220;desktop&#8220;:{&#8220;border-color&#8220;:&#8220;#e1e1e1&#8220;,&#8220;border-style&#8220;:&#8220;solid&#8220;,&#8220;class&#8220;:&#8220;grve-wpb-1759389705438&#8220;}}&#8221;]<div class=\"grve-element grve-image grve-align-center\">\r\n\t<div class=\"grve-image-item\">\r\n\t\t\r\n\r\n<div class=\"grve-image-wrapper grve-no-effect\">\r\n\t\t<div class=\"grve-thumbnail-wrapper\"  style=\"width: 800px;\"><div class=\"grve-thumbnail\"  style=\"padding-top: 12.25%;\"><img loading=\"lazy\" decoding=\"async\" width=\"800\" height=\"98\" src=\"https:\/\/lebelapresminuit.com\/wp-content\/uploads\/2025\/10\/bam-partenaires-residences-1x.png\" class=\"attachment-full size-full\" alt=\"partenaires-residences\" srcset=\"https:\/\/lebelapresminuit.com\/wp-content\/uploads\/2025\/10\/bam-partenaires-residences-1x.png 1x,https:\/\/lebelapresminuit.com\/wp-content\/uploads\/2025\/10\/bam-partenaires-residences-2x.png 2x\" data-column-space=\"auto\" data-lazyload=\"\" data-grve-filter=\"yes\" \/><\/div><\/div>\t<\/div>\r\n\t<\/div>\r\n<\/div>\r\n[\/vc_column][vc_column width=&#8221;1\/6&#8243;][\/vc_column][\/vc_row][vc_row padding_top_multiplier=&#8221;custom&#8221; padding_bottom_multiplier=&#8221;custom&#8221; padding_top=&#8221;32&#8243; padding_bottom=&#8221;50&#8243;][vc_column width=&#8221;1\/6&#8243;][\/vc_column][vc_column width=&#8221;2\/3&#8243;]<h3 class=\"grve-element grve-title grve-align-inherit grve-subtitle-text grve-text-primary-1\"><span>See also&#8230;<\/span><\/h3>[vc_row_inner][vc_column_inner rc_bg_type=&#8221;image&#8221; rc_bg_image=&#8221;2017&#8243; rc_bg_opacity_overlay=&#8221;30&#8243; grve_css=&#8221;{&#8220;desktop&#8220;:{&#8220;border-top-left-radius&#8220;:&#8220;4&#8220;,&#8220;border-top-right-radius&#8220;:&#8220;4&#8220;,&#8220;border-bottom-right-radius&#8220;:&#8220;4&#8220;,&#8220;border-bottom-left-radius&#8220;:&#8220;4&#8220;,&#8220;padding-top&#8220;:&#8220;50&#8220;,&#8220;padding-right&#8220;:&#8220;30&#8220;,&#8220;padding-bottom&#8220;:&#8220;50&#8220;,&#8220;padding-left&#8220;:&#8220;30&#8220;,&#8220;class&#8220;:&#8220;grve-wpb-1759391727030&#8220;}}&#8221;]<div class=\"grve-element grve-align-center\"><a href=\"https:\/\/lebelapresminuit.com\/en\/cultural-activities\/\" title=\"Cultural activities\" class=\"grve-btn grve-extra-round grve-bg-primary-1 grve-border-primary-1 grve-bg-hover-primary-1 grve-border-hover-primary-1 grve-text-white grve-text-hover-white grve-btn-small grve-with-svg-icon-arrow-2\">\r\n\t\t<div class=\"grve-btn-inner\">\r\n\t\t<span>Cultural activities<\/span>\r\n\t\t\t\t\t\t\t<div class=\"grve-btn-svg-icon\">\r\n\t\t\t\t\t\t\t<svg width=\"40px\" height=\"16px\" viewBox=\"0 0 40 16\">\r\n\t\t\t\t\t<polygon class=\"grve-arrow-line\" points=\"0 7 38 7 38 9 0 9\"><\/polygon>\r\n\t\t\t\t\t<polygon class=\"grve-arrow-point\" points=\"31.3481912 0 40 8 31.3481912 16 30 14.5816219 37.1 8 30 1.41837809\"><\/polygon>\r\n\t\t\t\t<\/svg>\r\n\t\t\t\t\t\t\t\t<\/div>\r\n\t\t\t\t\t<\/div>\r\n\t<\/a><\/div>[\/vc_column_inner][\/vc_row_inner][\/vc_column][vc_column width=&#8221;1\/6&#8243;][\/vc_column][\/vc_row]<\/p>\n<\/div>","protected":false},"excerpt":{"rendered":"<p>[vc_row padding_top_multiplier=&#8221;5x&#8221; padding_bottom_multiplier=&#8221;4x&#8221; rc_bg_type=&#8221;image&#8221; rc_bg_image=&#8221;2824&#8243; rc_bg_color_overlay=&#8221;black&#8221; rc_bg_opacity_overlay=&#8221;30&#8243;][vc_column rc_heading_color=&#8221;white&#8221; grve_css=&#8221;{&#8220;desktop&#8220;:{&#8220;padding-top&#8220;:&#8220;60&#8220;,&#8220;padding-bottom&#8220;:&#8220;60&#8220;,&#8220;class&#8220;:&#8220;grve-wpb-1758813731393&#8220;}}&#8221;][\/vc_column][\/vc_row][vc_row padding_top_multiplier=&#8221;custom&#8221; padding_bottom_multiplier=&#8221;custom&#8221; padding_top=&#8221;50&#8243; padding_bottom=&#8221;32&#8243;][vc_column width=&#8221;1\/6&#8243;][\/vc_column][vc_column width=&#8221;2\/3&#8243;][vc_column_text css=&#8221;.vc_custom_1759387161154{padding-bottom: 32px !important;}&#8221;]After four years in residency in Val-de-Bi\u00e8vre (2011\u20132015), followed by a partnership with the Th\u00e9\u00e2tre Andr\u00e9 Malraux in Chevilly-Larue (2018\u20132021), Le bel apr\u00e8s-minuit was invited by the municipalities of La Norville, Arpajon and Saint-Germain-l\u00e8s-Arpajon (Essonne) to conduct a [&hellip;]<\/p>\n","protected":false},"author":1,"featured_media":2825,"parent":0,"menu_order":0,"comment_status":"closed","ping_status":"closed","template":"","meta":{"footnotes":""},"class_list":["post-2366","page","type-page","status-publish","has-post-thumbnail","hentry","grve-entry-item"],"yoast_head":"<!-- This site is optimized with the Yoast SEO plugin v26.9 - https:\/\/yoast.com\/product\/yoast-seo-wordpress\/ -->\n<title>Residencies - Le bel apr\u00e8s-minuit<\/title>\n<meta name=\"description\" content=\"Local residencies, artistic and cultural education projects.\" \/>\n<meta name=\"robots\" content=\"index, follow, max-snippet:-1, max-image-preview:large, max-video-preview:-1\" \/>\n<link rel=\"canonical\" href=\"https:\/\/lebelapresminuit.com\/en\/residencies\/\" \/>\n<meta property=\"og:locale\" content=\"en_US\" \/>\n<meta property=\"og:type\" content=\"article\" \/>\n<meta property=\"og:title\" content=\"Residencies - Le bel apr\u00e8s-minuit\" \/>\n<meta property=\"og:description\" content=\"Local residencies, artistic and cultural education projects.\" \/>\n<meta property=\"og:url\" content=\"https:\/\/lebelapresminuit.com\/en\/residencies\/\" \/>\n<meta property=\"og:site_name\" content=\"Le bel apr\u00e8s-minuit\" \/>\n<meta property=\"article:modified_time\" content=\"2025-11-07T10:12:44+00:00\" \/>\n<meta property=\"og:image\" content=\"https:\/\/lebelapresminuit.com\/wp-content\/uploads\/2025\/10\/residences_guillemot-cover-2.jpg\" \/>\n\t<meta property=\"og:image:width\" content=\"2100\" \/>\n\t<meta property=\"og:image:height\" content=\"937\" \/>\n\t<meta property=\"og:image:type\" content=\"image\/jpeg\" \/>\n<meta name=\"twitter:card\" content=\"summary_large_image\" \/>\n<meta name=\"twitter:label1\" content=\"Est. reading time\" \/>\n\t<meta name=\"twitter:data1\" content=\"2 minutes\" \/>\n<script type=\"application\/ld+json\" class=\"yoast-schema-graph\">{\"@context\":\"https:\/\/schema.org\",\"@graph\":[{\"@type\":\"WebPage\",\"@id\":\"https:\/\/lebelapresminuit.com\/en\/residencies\/\",\"url\":\"https:\/\/lebelapresminuit.com\/en\/residencies\/\",\"name\":\"Residencies - Le bel apr\u00e8s-minuit\",\"isPartOf\":{\"@id\":\"https:\/\/lebelapresminuit.com\/#website\"},\"primaryImageOfPage\":{\"@id\":\"https:\/\/lebelapresminuit.com\/en\/residencies\/#primaryimage\"},\"image\":{\"@id\":\"https:\/\/lebelapresminuit.com\/en\/residencies\/#primaryimage\"},\"thumbnailUrl\":\"https:\/\/lebelapresminuit.com\/wp-content\/uploads\/2025\/10\/residences_guillemot-cover-2.jpg\",\"datePublished\":\"2025-10-02T06:35:10+00:00\",\"dateModified\":\"2025-11-07T10:12:44+00:00\",\"description\":\"Local residencies, artistic and cultural education projects.\",\"breadcrumb\":{\"@id\":\"https:\/\/lebelapresminuit.com\/en\/residencies\/#breadcrumb\"},\"inLanguage\":\"en-US\",\"potentialAction\":[{\"@type\":\"ReadAction\",\"target\":[\"https:\/\/lebelapresminuit.com\/en\/residencies\/\"]}]},{\"@type\":\"ImageObject\",\"inLanguage\":\"en-US\",\"@id\":\"https:\/\/lebelapresminuit.com\/en\/residencies\/#primaryimage\",\"url\":\"https:\/\/lebelapresminuit.com\/wp-content\/uploads\/2025\/10\/residences_guillemot-cover-2.jpg\",\"contentUrl\":\"https:\/\/lebelapresminuit.com\/wp-content\/uploads\/2025\/10\/residences_guillemot-cover-2.jpg\",\"width\":2100,\"height\":937,\"caption\":\"residences\"},{\"@type\":\"BreadcrumbList\",\"@id\":\"https:\/\/lebelapresminuit.com\/en\/residencies\/#breadcrumb\",\"itemListElement\":[{\"@type\":\"ListItem\",\"position\":1,\"name\":\"Accueil\",\"item\":\"https:\/\/lebelapresminuit.com\/en\/home\/\"},{\"@type\":\"ListItem\",\"position\":2,\"name\":\"Residencies\"}]},{\"@type\":\"WebSite\",\"@id\":\"https:\/\/lebelapresminuit.com\/#website\",\"url\":\"https:\/\/lebelapresminuit.com\/\",\"name\":\"Le bel apr\u00e8s-minuit\",\"description\":\"Compagnie de th\u00e9\u00e2tre jeune public\",\"publisher\":{\"@id\":\"https:\/\/lebelapresminuit.com\/#organization\"},\"potentialAction\":[{\"@type\":\"SearchAction\",\"target\":{\"@type\":\"EntryPoint\",\"urlTemplate\":\"https:\/\/lebelapresminuit.com\/?s={search_term_string}\"},\"query-input\":{\"@type\":\"PropertyValueSpecification\",\"valueRequired\":true,\"valueName\":\"search_term_string\"}}],\"inLanguage\":\"en-US\"},{\"@type\":\"Organization\",\"@id\":\"https:\/\/lebelapresminuit.com\/#organization\",\"name\":\"Le bel apr\u00e8s-minuit\",\"url\":\"https:\/\/lebelapresminuit.com\/\",\"logo\":{\"@type\":\"ImageObject\",\"inLanguage\":\"en-US\",\"@id\":\"https:\/\/lebelapresminuit.com\/#\/schema\/logo\/image\/\",\"url\":\"https:\/\/lebelapresminuit.com\/wp-content\/uploads\/2025\/06\/le-bel-apres-minuit-logo-couleur.png\",\"contentUrl\":\"https:\/\/lebelapresminuit.com\/wp-content\/uploads\/2025\/06\/le-bel-apres-minuit-logo-couleur.png\",\"width\":695,\"height\":569,\"caption\":\"Le bel apr\u00e8s-minuit\"},\"image\":{\"@id\":\"https:\/\/lebelapresminuit.com\/#\/schema\/logo\/image\/\"}}]}<\/script>\n<!-- \/ Yoast SEO plugin. -->","yoast_head_json":{"title":"Residencies - Le bel apr\u00e8s-minuit","description":"Local residencies, artistic and cultural education projects.","robots":{"index":"index","follow":"follow","max-snippet":"max-snippet:-1","max-image-preview":"max-image-preview:large","max-video-preview":"max-video-preview:-1"},"canonical":"https:\/\/lebelapresminuit.com\/en\/residencies\/","og_locale":"en_US","og_type":"article","og_title":"Residencies - Le bel apr\u00e8s-minuit","og_description":"Local residencies, artistic and cultural education projects.","og_url":"https:\/\/lebelapresminuit.com\/en\/residencies\/","og_site_name":"Le bel apr\u00e8s-minuit","article_modified_time":"2025-11-07T10:12:44+00:00","og_image":[{"width":2100,"height":937,"url":"https:\/\/lebelapresminuit.com\/wp-content\/uploads\/2025\/10\/residences_guillemot-cover-2.jpg","type":"image\/jpeg"}],"twitter_card":"summary_large_image","twitter_misc":{"Est. reading time":"2 minutes"},"schema":{"@context":"https:\/\/schema.org","@graph":[{"@type":"WebPage","@id":"https:\/\/lebelapresminuit.com\/en\/residencies\/","url":"https:\/\/lebelapresminuit.com\/en\/residencies\/","name":"Residencies - Le bel apr\u00e8s-minuit","isPartOf":{"@id":"https:\/\/lebelapresminuit.com\/#website"},"primaryImageOfPage":{"@id":"https:\/\/lebelapresminuit.com\/en\/residencies\/#primaryimage"},"image":{"@id":"https:\/\/lebelapresminuit.com\/en\/residencies\/#primaryimage"},"thumbnailUrl":"https:\/\/lebelapresminuit.com\/wp-content\/uploads\/2025\/10\/residences_guillemot-cover-2.jpg","datePublished":"2025-10-02T06:35:10+00:00","dateModified":"2025-11-07T10:12:44+00:00","description":"Local residencies, artistic and cultural education projects.","breadcrumb":{"@id":"https:\/\/lebelapresminuit.com\/en\/residencies\/#breadcrumb"},"inLanguage":"en-US","potentialAction":[{"@type":"ReadAction","target":["https:\/\/lebelapresminuit.com\/en\/residencies\/"]}]},{"@type":"ImageObject","inLanguage":"en-US","@id":"https:\/\/lebelapresminuit.com\/en\/residencies\/#primaryimage","url":"https:\/\/lebelapresminuit.com\/wp-content\/uploads\/2025\/10\/residences_guillemot-cover-2.jpg","contentUrl":"https:\/\/lebelapresminuit.com\/wp-content\/uploads\/2025\/10\/residences_guillemot-cover-2.jpg","width":2100,"height":937,"caption":"residences"},{"@type":"BreadcrumbList","@id":"https:\/\/lebelapresminuit.com\/en\/residencies\/#breadcrumb","itemListElement":[{"@type":"ListItem","position":1,"name":"Accueil","item":"https:\/\/lebelapresminuit.com\/en\/home\/"},{"@type":"ListItem","position":2,"name":"Residencies"}]},{"@type":"WebSite","@id":"https:\/\/lebelapresminuit.com\/#website","url":"https:\/\/lebelapresminuit.com\/","name":"Le bel apr\u00e8s-minuit","description":"Compagnie de th\u00e9\u00e2tre jeune public","publisher":{"@id":"https:\/\/lebelapresminuit.com\/#organization"},"potentialAction":[{"@type":"SearchAction","target":{"@type":"EntryPoint","urlTemplate":"https:\/\/lebelapresminuit.com\/?s={search_term_string}"},"query-input":{"@type":"PropertyValueSpecification","valueRequired":true,"valueName":"search_term_string"}}],"inLanguage":"en-US"},{"@type":"Organization","@id":"https:\/\/lebelapresminuit.com\/#organization","name":"Le bel apr\u00e8s-minuit","url":"https:\/\/lebelapresminuit.com\/","logo":{"@type":"ImageObject","inLanguage":"en-US","@id":"https:\/\/lebelapresminuit.com\/#\/schema\/logo\/image\/","url":"https:\/\/lebelapresminuit.com\/wp-content\/uploads\/2025\/06\/le-bel-apres-minuit-logo-couleur.png","contentUrl":"https:\/\/lebelapresminuit.com\/wp-content\/uploads\/2025\/06\/le-bel-apres-minuit-logo-couleur.png","width":695,"height":569,"caption":"Le bel apr\u00e8s-minuit"},"image":{"@id":"https:\/\/lebelapresminuit.com\/#\/schema\/logo\/image\/"}}]}},"_links":{"self":[{"href":"https:\/\/lebelapresminuit.com\/en\/wp-json\/wp\/v2\/pages\/2366","targetHints":{"allow":["GET"]}}],"collection":[{"href":"https:\/\/lebelapresminuit.com\/en\/wp-json\/wp\/v2\/pages"}],"about":[{"href":"https:\/\/lebelapresminuit.com\/en\/wp-json\/wp\/v2\/types\/page"}],"author":[{"embeddable":true,"href":"https:\/\/lebelapresminuit.com\/en\/wp-json\/wp\/v2\/users\/1"}],"replies":[{"embeddable":true,"href":"https:\/\/lebelapresminuit.com\/en\/wp-json\/wp\/v2\/comments?post=2366"}],"version-history":[{"count":16,"href":"https:\/\/lebelapresminuit.com\/en\/wp-json\/wp\/v2\/pages\/2366\/revisions"}],"predecessor-version":[{"id":2951,"href":"https:\/\/lebelapresminuit.com\/en\/wp-json\/wp\/v2\/pages\/2366\/revisions\/2951"}],"wp:featuredmedia":[{"embeddable":true,"href":"https:\/\/lebelapresminuit.com\/en\/wp-json\/wp\/v2\/media\/2825"}],"wp:attachment":[{"href":"https:\/\/lebelapresminuit.com\/en\/wp-json\/wp\/v2\/media?parent=2366"}],"curies":[{"name":"wp","href":"https:\/\/api.w.org\/{rel}","templated":true}]}}