{"id":2353,"date":"2025-06-29T17:36:22","date_gmt":"2025-06-29T15:36:22","guid":{"rendered":"https:\/\/loicthissedemo3.fr\/privacy-policy\/"},"modified":"2025-11-07T11:04:28","modified_gmt":"2025-11-07T10:04:28","slug":"privacy-policy","status":"publish","type":"page","link":"https:\/\/lebelapresminuit.com\/en\/privacy-policy\/","title":{"rendered":"Privacy policy"},"content":{"rendered":"<div class=\"wpb-content-wrapper\"><p>[vc_row section_type=&#8221;fullwidth&#8221; padding_top_multiplier=&#8221;custom&#8221; rc_bg_type=&#8221;color&#8221; columns_gap=&#8221;30&#8243; padding_top=&#8221;240&#8243; rc_bg_color=&#8221;#000000&#8243;][vc_column rc_heading_color=&#8221;white&#8221; rc_link_color=&#8221;white&#8221; rc_link_hover_color=&#8221;primary-1&#8243; rc_font_color=&#8221;#FFFFFF&#8221;]<h1 class=\"grve-element grve-title grve-align-inherit grve-subtitle-text\"><span>Privacy policy<\/span><\/h1>[\/vc_column][\/vc_row][vc_row section_type=&#8221;fullwidth&#8221; columns_gap=&#8221;30&#8243;][vc_column][vc_column_text css=&#8221;&#8221;]<strong>Use of collected personal data<\/strong><\/p>\n<p>We do not collect any personal data other than your first and last name and the email address you provide when you subscribe to our newsletter.<\/p>\n<p><strong>Contact forms<\/strong><\/p>\n<p>We use a contact form to collect the first and last names and email addresses of individuals who wish to receive our newsletter. We retain this data for the entire duration of the newsletter&#8217;s publication. An unsubscribe link at the bottom of each newsletter allows you to unsubscribe at any time. As soon as your unsubscribe request is received and processed, your contact email address will be removed from our database.<\/p>\n<p><strong>Cookies<\/strong><\/p>\n<p>When you visit the website, we set a cookie to record your screen preferences. The lifespan of a screen option cookie is one year.<\/p>\n<p><strong>Embedded content from other websites<\/strong><\/p>\n<p>Videos embedded from YouTube or Vimeo behave in the same way as if the visitor were visiting YouTube or Vimeo. These websites may collect data about you, use cookies, embed third-party tracking tools, and track your interactions with these embedded contents if you have an account logged in on their website.<\/p>\n<p><strong>Statistics and audience measurements<\/strong><\/p>\n<p>We do not use any audience measurement tools.<\/p>\n<p><strong>Use and disclosure of your personal data<\/strong><\/p>\n<p>We do not share any personal data with third parties.<\/p>\n<p><strong>Your rights regarding your data<\/strong><\/p>\n<p>You may request to receive a file containing all the personal data we hold about you, including the data you have provided to us. You may also request the deletion of your personal data. This does not take into account data stored for administrative, legal or security purposes.<\/p>\n<p><strong>How we protect your data<\/strong><\/p>\n<p>Your data is protected by encryption and our teams are trained in data protection.<\/p>\n<p><strong>Procedures implemented in the event of a data leak<\/strong><\/p>\n<p>In the event of a data breach, an internal notification system has been put in place.[\/vc_column_text][\/vc_column][\/vc_row]<\/p>\n<\/div>","protected":false},"excerpt":{"rendered":"<p>[vc_row section_type=&#8221;fullwidth&#8221; padding_top_multiplier=&#8221;custom&#8221; rc_bg_type=&#8221;color&#8221; columns_gap=&#8221;30&#8243; padding_top=&#8221;240&#8243; rc_bg_color=&#8221;#000000&#8243;][vc_column rc_heading_color=&#8221;white&#8221; rc_link_color=&#8221;white&#8221; rc_link_hover_color=&#8221;primary-1&#8243; rc_font_color=&#8221;#FFFFFF&#8221;][\/vc_column][\/vc_row][vc_row section_type=&#8221;fullwidth&#8221; columns_gap=&#8221;30&#8243;][vc_column][vc_column_text css=&#8221;&#8221;]Use of collected personal data We do not collect any personal data other than your first and last name and the email address you provide when you subscribe to our newsletter. Contact forms We use a contact form to collect the first [&hellip;]<\/p>\n","protected":false},"author":1,"featured_media":0,"parent":0,"menu_order":0,"comment_status":"closed","ping_status":"closed","template":"","meta":{"footnotes":""},"class_list":["post-2353","page","type-page","status-publish","hentry","grve-entry-item"],"yoast_head":"<!-- This site is optimized with the Yoast SEO plugin v26.9 - https:\/\/yoast.com\/product\/yoast-seo-wordpress\/ -->\n<title>Privacy policy - Le bel apr\u00e8s-minuit<\/title>\n<meta name=\"description\" content=\"Use of collected personal data\" \/>\n<meta name=\"robots\" content=\"index, follow, max-snippet:-1, max-image-preview:large, max-video-preview:-1\" \/>\n<link rel=\"canonical\" href=\"https:\/\/lebelapresminuit.com\/en\/privacy-policy\/\" \/>\n<meta property=\"og:locale\" content=\"en_US\" \/>\n<meta property=\"og:type\" content=\"article\" \/>\n<meta property=\"og:title\" content=\"Privacy policy - Le bel apr\u00e8s-minuit\" \/>\n<meta property=\"og:description\" content=\"Use of collected personal data\" \/>\n<meta property=\"og:url\" content=\"https:\/\/lebelapresminuit.com\/en\/privacy-policy\/\" \/>\n<meta property=\"og:site_name\" content=\"Le bel apr\u00e8s-minuit\" \/>\n<meta property=\"article:modified_time\" content=\"2025-11-07T10:04:28+00:00\" \/>\n<meta property=\"og:image\" content=\"https:\/\/lebelapresminuit.com\/wp-content\/uploads\/2025\/09\/les-abimes-2.jpg\" \/>\n\t<meta property=\"og:image:width\" content=\"1280\" \/>\n\t<meta property=\"og:image:height\" content=\"720\" \/>\n\t<meta property=\"og:image:type\" content=\"image\/jpeg\" \/>\n<meta name=\"twitter:card\" content=\"summary_large_image\" \/>\n<meta name=\"twitter:label1\" content=\"Est. reading time\" \/>\n\t<meta name=\"twitter:data1\" content=\"2 minutes\" \/>\n<script type=\"application\/ld+json\" class=\"yoast-schema-graph\">{\"@context\":\"https:\/\/schema.org\",\"@graph\":[{\"@type\":\"WebPage\",\"@id\":\"https:\/\/lebelapresminuit.com\/en\/privacy-policy\/\",\"url\":\"https:\/\/lebelapresminuit.com\/en\/privacy-policy\/\",\"name\":\"Privacy policy - Le bel apr\u00e8s-minuit\",\"isPartOf\":{\"@id\":\"https:\/\/lebelapresminuit.com\/#website\"},\"datePublished\":\"2025-06-29T15:36:22+00:00\",\"dateModified\":\"2025-11-07T10:04:28+00:00\",\"description\":\"Use of collected personal data\",\"breadcrumb\":{\"@id\":\"https:\/\/lebelapresminuit.com\/en\/privacy-policy\/#breadcrumb\"},\"inLanguage\":\"en-US\",\"potentialAction\":[{\"@type\":\"ReadAction\",\"target\":[\"https:\/\/lebelapresminuit.com\/en\/privacy-policy\/\"]}]},{\"@type\":\"BreadcrumbList\",\"@id\":\"https:\/\/lebelapresminuit.com\/en\/privacy-policy\/#breadcrumb\",\"itemListElement\":[{\"@type\":\"ListItem\",\"position\":1,\"name\":\"Accueil\",\"item\":\"https:\/\/lebelapresminuit.com\/en\/home\/\"},{\"@type\":\"ListItem\",\"position\":2,\"name\":\"Privacy policy\"}]},{\"@type\":\"WebSite\",\"@id\":\"https:\/\/lebelapresminuit.com\/#website\",\"url\":\"https:\/\/lebelapresminuit.com\/\",\"name\":\"Le bel apr\u00e8s-minuit\",\"description\":\"Compagnie de th\u00e9\u00e2tre jeune public\",\"publisher\":{\"@id\":\"https:\/\/lebelapresminuit.com\/#organization\"},\"potentialAction\":[{\"@type\":\"SearchAction\",\"target\":{\"@type\":\"EntryPoint\",\"urlTemplate\":\"https:\/\/lebelapresminuit.com\/?s={search_term_string}\"},\"query-input\":{\"@type\":\"PropertyValueSpecification\",\"valueRequired\":true,\"valueName\":\"search_term_string\"}}],\"inLanguage\":\"en-US\"},{\"@type\":\"Organization\",\"@id\":\"https:\/\/lebelapresminuit.com\/#organization\",\"name\":\"Le bel apr\u00e8s-minuit\",\"url\":\"https:\/\/lebelapresminuit.com\/\",\"logo\":{\"@type\":\"ImageObject\",\"inLanguage\":\"en-US\",\"@id\":\"https:\/\/lebelapresminuit.com\/#\/schema\/logo\/image\/\",\"url\":\"https:\/\/lebelapresminuit.com\/wp-content\/uploads\/2025\/06\/le-bel-apres-minuit-logo-couleur.png\",\"contentUrl\":\"https:\/\/lebelapresminuit.com\/wp-content\/uploads\/2025\/06\/le-bel-apres-minuit-logo-couleur.png\",\"width\":695,\"height\":569,\"caption\":\"Le bel apr\u00e8s-minuit\"},\"image\":{\"@id\":\"https:\/\/lebelapresminuit.com\/#\/schema\/logo\/image\/\"}}]}<\/script>\n<!-- \/ Yoast SEO plugin. -->","yoast_head_json":{"title":"Privacy policy - Le bel apr\u00e8s-minuit","description":"Use of collected personal data","robots":{"index":"index","follow":"follow","max-snippet":"max-snippet:-1","max-image-preview":"max-image-preview:large","max-video-preview":"max-video-preview:-1"},"canonical":"https:\/\/lebelapresminuit.com\/en\/privacy-policy\/","og_locale":"en_US","og_type":"article","og_title":"Privacy policy - Le bel apr\u00e8s-minuit","og_description":"Use of collected personal data","og_url":"https:\/\/lebelapresminuit.com\/en\/privacy-policy\/","og_site_name":"Le bel apr\u00e8s-minuit","article_modified_time":"2025-11-07T10:04:28+00:00","og_image":[{"width":1280,"height":720,"url":"https:\/\/lebelapresminuit.com\/wp-content\/uploads\/2025\/09\/les-abimes-2.jpg","type":"image\/jpeg"}],"twitter_card":"summary_large_image","twitter_misc":{"Est. reading time":"2 minutes"},"schema":{"@context":"https:\/\/schema.org","@graph":[{"@type":"WebPage","@id":"https:\/\/lebelapresminuit.com\/en\/privacy-policy\/","url":"https:\/\/lebelapresminuit.com\/en\/privacy-policy\/","name":"Privacy policy - Le bel apr\u00e8s-minuit","isPartOf":{"@id":"https:\/\/lebelapresminuit.com\/#website"},"datePublished":"2025-06-29T15:36:22+00:00","dateModified":"2025-11-07T10:04:28+00:00","description":"Use of collected personal data","breadcrumb":{"@id":"https:\/\/lebelapresminuit.com\/en\/privacy-policy\/#breadcrumb"},"inLanguage":"en-US","potentialAction":[{"@type":"ReadAction","target":["https:\/\/lebelapresminuit.com\/en\/privacy-policy\/"]}]},{"@type":"BreadcrumbList","@id":"https:\/\/lebelapresminuit.com\/en\/privacy-policy\/#breadcrumb","itemListElement":[{"@type":"ListItem","position":1,"name":"Accueil","item":"https:\/\/lebelapresminuit.com\/en\/home\/"},{"@type":"ListItem","position":2,"name":"Privacy policy"}]},{"@type":"WebSite","@id":"https:\/\/lebelapresminuit.com\/#website","url":"https:\/\/lebelapresminuit.com\/","name":"Le bel apr\u00e8s-minuit","description":"Compagnie de th\u00e9\u00e2tre jeune public","publisher":{"@id":"https:\/\/lebelapresminuit.com\/#organization"},"potentialAction":[{"@type":"SearchAction","target":{"@type":"EntryPoint","urlTemplate":"https:\/\/lebelapresminuit.com\/?s={search_term_string}"},"query-input":{"@type":"PropertyValueSpecification","valueRequired":true,"valueName":"search_term_string"}}],"inLanguage":"en-US"},{"@type":"Organization","@id":"https:\/\/lebelapresminuit.com\/#organization","name":"Le bel apr\u00e8s-minuit","url":"https:\/\/lebelapresminuit.com\/","logo":{"@type":"ImageObject","inLanguage":"en-US","@id":"https:\/\/lebelapresminuit.com\/#\/schema\/logo\/image\/","url":"https:\/\/lebelapresminuit.com\/wp-content\/uploads\/2025\/06\/le-bel-apres-minuit-logo-couleur.png","contentUrl":"https:\/\/lebelapresminuit.com\/wp-content\/uploads\/2025\/06\/le-bel-apres-minuit-logo-couleur.png","width":695,"height":569,"caption":"Le bel apr\u00e8s-minuit"},"image":{"@id":"https:\/\/lebelapresminuit.com\/#\/schema\/logo\/image\/"}}]}},"_links":{"self":[{"href":"https:\/\/lebelapresminuit.com\/en\/wp-json\/wp\/v2\/pages\/2353","targetHints":{"allow":["GET"]}}],"collection":[{"href":"https:\/\/lebelapresminuit.com\/en\/wp-json\/wp\/v2\/pages"}],"about":[{"href":"https:\/\/lebelapresminuit.com\/en\/wp-json\/wp\/v2\/types\/page"}],"author":[{"embeddable":true,"href":"https:\/\/lebelapresminuit.com\/en\/wp-json\/wp\/v2\/users\/1"}],"replies":[{"embeddable":true,"href":"https:\/\/lebelapresminuit.com\/en\/wp-json\/wp\/v2\/comments?post=2353"}],"version-history":[{"count":4,"href":"https:\/\/lebelapresminuit.com\/en\/wp-json\/wp\/v2\/pages\/2353\/revisions"}],"predecessor-version":[{"id":2946,"href":"https:\/\/lebelapresminuit.com\/en\/wp-json\/wp\/v2\/pages\/2353\/revisions\/2946"}],"wp:attachment":[{"href":"https:\/\/lebelapresminuit.com\/en\/wp-json\/wp\/v2\/media?parent=2353"}],"curies":[{"name":"wp","href":"https:\/\/api.w.org\/{rel}","templated":true}]}}