{"id":2336,"date":"2025-08-31T12:34:43","date_gmt":"2025-08-31T10:34:43","guid":{"rendered":"https:\/\/loicthissedemo3.fr\/in-development\/"},"modified":"2025-11-07T10:49:31","modified_gmt":"2025-11-07T09:49:31","slug":"in-progress","status":"publish","type":"page","link":"https:\/\/lebelapresminuit.com\/en\/in-progress\/","title":{"rendered":"In progress"},"content":{"rendered":"<div class=\"wpb-content-wrapper\"><p>[vc_row padding_top_multiplier=&#8221;5x&#8221; padding_bottom_multiplier=&#8221;4x&#8221; rc_bg_type=&#8221;image&#8221; rc_bg_image=&#8221;2540&#8243; rc_bg_position=&#8221;center-bottom&#8221; rc_bg_color_overlay=&#8221;black&#8221; rc_bg_opacity_overlay=&#8221;20&#8243;][vc_column rc_heading_color=&#8221;white&#8221; grve_css=&#8221;{&#8220;desktop&#8220;:{&#8220;padding-top&#8220;:&#8220;60&#8220;,&#8220;padding-bottom&#8220;:&#8220;60&#8220;,&#8220;class&#8220;:&#8220;grve-wpb-1758813731393&#8220;}}&#8221;]<h1 class=\"grve-element grve-title grve-align-center grve-h3\"><span>In progress<\/span><\/h1>[\/vc_column][\/vc_row][vc_row padding_top_multiplier=&#8221;2x&#8221;][vc_column width=&#8221;1\/6&#8243;][\/vc_column][vc_column width=&#8221;2\/3&#8243; grve_css=&#8221;{&#8220;desktop&#8220;:{&#8220;border-top&#8220;:1,&#8220;border-right&#8220;:1,&#8220;border-bottom&#8220;:1,&#8220;border-left&#8220;:1,&#8220;padding-top&#8220;:&#8220;30&#8220;,&#8220;padding-right&#8220;:&#8220;30&#8220;,&#8220;padding-bottom&#8220;:&#8220;30&#8220;,&#8220;padding-left&#8220;:&#8220;30&#8220;,&#8220;border-color&#8220;:&#8220;#e1e1e1&#8220;,&#8220;border-style&#8220;:&#8220;solid&#8220;,&#8220;class&#8220;:&#8220;grve-wpb-1760426329245&#8220;}}&#8221;]<h3 class=\"grve-element grve-title grve-align-inherit grve-h5 grve-text-primary-1\" style=\"margin-bottom: 5px;\"><span>Sasha<\/span><\/h3><h3 class=\"grve-element grve-title grve-align-inherit grve-subtitle-text grve-text-primary-2\" style=\"margin-bottom: 32px;\"><span>Stage production<\/span><\/h3>[vc_column_text css=&#8221;.vc_custom_1760426522256{padding-bottom: 32px !important;}&#8221; text_style=&#8221;small-text&#8221;]11 years and up<br \/>\nScheduled for release in 2027<br \/>\nEstimated running time: 1 hour[\/vc_column_text][vc_column_text css=&#8221;.vc_custom_1760522127694{padding-bottom: 32px !important;}&#8221;]<strong>Sasha, aimed at middle school students, questions the notion of opinion, the truthfulness of judgment, and the need to free oneself from the gaze of others in order to allow oneself to be free.<\/strong><\/p>\n<p>At a time when culture is faltering, when some question it, declaring it superfluous or useless, we want to assert the opposite. This project places the values of Art Brut and Modest Art at the heart of its approach: the intimate pleasure of creating, emancipation from the judgment of others, the freedom to do things for oneself. <\/p>\n<p>Sasha transcends the question of beauty and ugliness by simply creating what he likes. And what he likes is what makes him feel good\u2014what expresses something true, because it is felt.[\/vc_column_text]<h3 class=\"grve-element grve-title grve-align-center grve-subtitle-text grve-text-primary-1\"><span>Text: Catherine Verlaguet<br \/>Direction: B\u00e9n\u00e9dicte Guichardon<br \/>Assistant director: Damien Saugeon<br \/>Cast: two characters currently being cast<br \/>Stage manager: Damien Valade<br \/>Production: Le bel apr\u00e8s-minuit<\/span><\/h3>[\/vc_column][vc_column width=&#8221;1\/6&#8243;][\/vc_column][\/vc_row][vc_row padding_top_multiplier=&#8221;&#8221; padding_bottom_multiplier=&#8221;2x&#8221;][vc_column width=&#8221;1\/6&#8243;][\/vc_column][vc_column width=&#8221;2\/3&#8243; grve_css=&#8221;{&#8220;desktop&#8220;:{&#8220;border-top&#8220;:1,&#8220;border-right&#8220;:1,&#8220;border-bottom&#8220;:1,&#8220;border-left&#8220;:1,&#8220;padding-top&#8220;:&#8220;30&#8220;,&#8220;padding-right&#8220;:&#8220;30&#8220;,&#8220;padding-bottom&#8220;:&#8220;30&#8220;,&#8220;padding-left&#8220;:&#8220;30&#8220;,&#8220;border-color&#8220;:&#8220;#e1e1e1&#8220;,&#8220;border-style&#8220;:&#8220;solid&#8220;,&#8220;class&#8220;:&#8220;grve-wpb-1760426329245&#8220;}}&#8221;]<h3 class=\"grve-element grve-title grve-align-inherit grve-h5 grve-text-primary-1\" style=\"margin-bottom: 5px;\"><span>Bestioles (or learning to look at objects differently)<\/span><\/h3><h3 class=\"grve-element grve-title grve-align-inherit grve-subtitle-text grve-text-primary-2\" style=\"margin-bottom: 32px;\"><span>Off-site<\/span><\/h3>[vc_column_text css=&#8221;.vc_custom_1760426380669{padding-bottom: 32px !important;}&#8221; text_style=&#8221;small-text&#8221;]3 years and up<br \/>Scheduled for release in 2026<br \/>Estimated running time: 30 minutes[\/vc_column_text][vc_column_text css=&#8221;.vc_custom_1760426393033{padding-bottom: 32px !important;}&#8221;]<strong>A short interactive performance for preschool children, performed in the classroom, which invites young audience members to take a fresh look at the objects around them and encourages them to express themselves freely through the creation of a collective artwork.<\/strong><\/p>\n<p>The children will be welcomed by a grown-up child: Sasha, an artist. He will bring a suitcase containing his favorite objects, which he collected for their shape, color, texture&#8230; without worrying about their usefulness. The grown-up child will present his objects and explain why he likes them, encouraging the children to discover the beauty of a teaspoon, a paper clip, or a dust bunny.  <\/p>\n<p>Using the objects in their suitcase, the grown-up Child will design an unusual creature for them, either a monstrous or friendly chimera. The children will then be guided in creating creatures (or a creature &#8211; a &#8220;bestiole&#8221;) using the objects they have brought with them. <\/p>\n<p><em>This show is part of the Bestioles \/ Sasha diptych, two creations developed simultaneously around art brut, each designed for a different audience depending on age group.<\/em>[\/vc_column_text]<h3 class=\"grve-element grve-title grve-align-center grve-subtitle-text grve-text-primary-1\"><span>Text: Catherine Verlaguet<br \/>Direction: B\u00e9n\u00e9dicte Guichardon<br \/>Assistant director: Damien Saugeon<br \/>Cast: currently being cast<br \/>Production: Le bel apr\u00e8s-minuit<\/span><\/h3>[\/vc_column][vc_column width=&#8221;1\/6&#8243;][\/vc_column][\/vc_row]<\/p>\n<\/div>","protected":false},"excerpt":{"rendered":"<p>[vc_row padding_top_multiplier=&#8221;5x&#8221; padding_bottom_multiplier=&#8221;4x&#8221; rc_bg_type=&#8221;image&#8221; rc_bg_image=&#8221;2540&#8243; rc_bg_position=&#8221;center-bottom&#8221; rc_bg_color_overlay=&#8221;black&#8221; rc_bg_opacity_overlay=&#8221;20&#8243;][vc_column rc_heading_color=&#8221;white&#8221; grve_css=&#8221;{&#8220;desktop&#8220;:{&#8220;padding-top&#8220;:&#8220;60&#8220;,&#8220;padding-bottom&#8220;:&#8220;60&#8220;,&#8220;class&#8220;:&#8220;grve-wpb-1758813731393&#8220;}}&#8221;][\/vc_column][\/vc_row][vc_row padding_top_multiplier=&#8221;2x&#8221;][vc_column width=&#8221;1\/6&#8243;][\/vc_column][vc_column width=&#8221;2\/3&#8243; grve_css=&#8221;{&#8220;desktop&#8220;:{&#8220;border-top&#8220;:1,&#8220;border-right&#8220;:1,&#8220;border-bottom&#8220;:1,&#8220;border-left&#8220;:1,&#8220;padding-top&#8220;:&#8220;30&#8220;,&#8220;padding-right&#8220;:&#8220;30&#8220;,&#8220;padding-bottom&#8220;:&#8220;30&#8220;,&#8220;padding-left&#8220;:&#8220;30&#8220;,&#8220;border-color&#8220;:&#8220;#e1e1e1&#8220;,&#8220;border-style&#8220;:&#8220;solid&#8220;,&#8220;class&#8220;:&#8220;grve-wpb-1760426329245&#8220;}}&#8221;][vc_column_text css=&#8221;.vc_custom_1760426522256{padding-bottom: 32px !important;}&#8221; text_style=&#8221;small-text&#8221;]11 years and up Scheduled for release in 2027 Estimated running time: 1 hour[\/vc_column_text][vc_column_text css=&#8221;.vc_custom_1760522127694{padding-bottom: 32px !important;}&#8221;]Sasha, aimed at middle school students, questions the notion of opinion, the truthfulness of judgment, and the need to free oneself from [&hellip;]<\/p>\n","protected":false},"author":1,"featured_media":2541,"parent":0,"menu_order":0,"comment_status":"closed","ping_status":"closed","template":"","meta":{"footnotes":""},"class_list":["post-2336","page","type-page","status-publish","has-post-thumbnail","hentry","grve-entry-item"],"yoast_head":"<!-- This site is optimized with the Yoast SEO plugin v26.9 - https:\/\/yoast.com\/product\/yoast-seo-wordpress\/ -->\n<title>In progress - Le bel apr\u00e8s-minuit<\/title>\n<meta name=\"description\" content=\"New shows in progress\" \/>\n<meta name=\"robots\" content=\"index, follow, max-snippet:-1, max-image-preview:large, max-video-preview:-1\" \/>\n<link rel=\"canonical\" href=\"https:\/\/lebelapresminuit.com\/en\/in-progress\/\" \/>\n<meta property=\"og:locale\" content=\"en_US\" \/>\n<meta property=\"og:type\" content=\"article\" \/>\n<meta property=\"og:title\" content=\"In progress - Le bel apr\u00e8s-minuit\" \/>\n<meta property=\"og:description\" content=\"New shows in progress\" \/>\n<meta property=\"og:url\" content=\"https:\/\/lebelapresminuit.com\/en\/in-progress\/\" \/>\n<meta property=\"og:site_name\" content=\"Le bel apr\u00e8s-minuit\" \/>\n<meta property=\"article:modified_time\" content=\"2025-11-07T09:49:31+00:00\" \/>\n<meta property=\"og:image\" content=\"https:\/\/lebelapresminuit.com\/wp-content\/uploads\/2025\/10\/EN-CREATION-DSC01403_DxO.jpg\" \/>\n\t<meta property=\"og:image:width\" content=\"2100\" \/>\n\t<meta property=\"og:image:height\" content=\"1400\" \/>\n\t<meta property=\"og:image:type\" content=\"image\/jpeg\" \/>\n<meta name=\"twitter:card\" content=\"summary_large_image\" \/>\n<meta name=\"twitter:label1\" content=\"Est. reading time\" \/>\n\t<meta name=\"twitter:data1\" content=\"3 minutes\" \/>\n<script type=\"application\/ld+json\" class=\"yoast-schema-graph\">{\"@context\":\"https:\/\/schema.org\",\"@graph\":[{\"@type\":\"WebPage\",\"@id\":\"https:\/\/lebelapresminuit.com\/en\/in-progress\/\",\"url\":\"https:\/\/lebelapresminuit.com\/en\/in-progress\/\",\"name\":\"In progress - Le bel apr\u00e8s-minuit\",\"isPartOf\":{\"@id\":\"https:\/\/lebelapresminuit.com\/#website\"},\"primaryImageOfPage\":{\"@id\":\"https:\/\/lebelapresminuit.com\/en\/in-progress\/#primaryimage\"},\"image\":{\"@id\":\"https:\/\/lebelapresminuit.com\/en\/in-progress\/#primaryimage\"},\"thumbnailUrl\":\"https:\/\/lebelapresminuit.com\/wp-content\/uploads\/2025\/10\/EN-CREATION-DSC01403_DxO.jpg\",\"datePublished\":\"2025-08-31T10:34:43+00:00\",\"dateModified\":\"2025-11-07T09:49:31+00:00\",\"description\":\"New shows in progress\",\"breadcrumb\":{\"@id\":\"https:\/\/lebelapresminuit.com\/en\/in-progress\/#breadcrumb\"},\"inLanguage\":\"en-US\",\"potentialAction\":[{\"@type\":\"ReadAction\",\"target\":[\"https:\/\/lebelapresminuit.com\/en\/in-progress\/\"]}]},{\"@type\":\"ImageObject\",\"inLanguage\":\"en-US\",\"@id\":\"https:\/\/lebelapresminuit.com\/en\/in-progress\/#primaryimage\",\"url\":\"https:\/\/lebelapresminuit.com\/wp-content\/uploads\/2025\/10\/EN-CREATION-DSC01403_DxO.jpg\",\"contentUrl\":\"https:\/\/lebelapresminuit.com\/wp-content\/uploads\/2025\/10\/EN-CREATION-DSC01403_DxO.jpg\",\"width\":2100,\"height\":1400},{\"@type\":\"BreadcrumbList\",\"@id\":\"https:\/\/lebelapresminuit.com\/en\/in-progress\/#breadcrumb\",\"itemListElement\":[{\"@type\":\"ListItem\",\"position\":1,\"name\":\"Accueil\",\"item\":\"https:\/\/lebelapresminuit.com\/en\/home\/\"},{\"@type\":\"ListItem\",\"position\":2,\"name\":\"In progress\"}]},{\"@type\":\"WebSite\",\"@id\":\"https:\/\/lebelapresminuit.com\/#website\",\"url\":\"https:\/\/lebelapresminuit.com\/\",\"name\":\"Le bel apr\u00e8s-minuit\",\"description\":\"Compagnie de th\u00e9\u00e2tre jeune public\",\"publisher\":{\"@id\":\"https:\/\/lebelapresminuit.com\/#organization\"},\"potentialAction\":[{\"@type\":\"SearchAction\",\"target\":{\"@type\":\"EntryPoint\",\"urlTemplate\":\"https:\/\/lebelapresminuit.com\/?s={search_term_string}\"},\"query-input\":{\"@type\":\"PropertyValueSpecification\",\"valueRequired\":true,\"valueName\":\"search_term_string\"}}],\"inLanguage\":\"en-US\"},{\"@type\":\"Organization\",\"@id\":\"https:\/\/lebelapresminuit.com\/#organization\",\"name\":\"Le bel apr\u00e8s-minuit\",\"url\":\"https:\/\/lebelapresminuit.com\/\",\"logo\":{\"@type\":\"ImageObject\",\"inLanguage\":\"en-US\",\"@id\":\"https:\/\/lebelapresminuit.com\/#\/schema\/logo\/image\/\",\"url\":\"https:\/\/lebelapresminuit.com\/wp-content\/uploads\/2025\/06\/le-bel-apres-minuit-logo-couleur.png\",\"contentUrl\":\"https:\/\/lebelapresminuit.com\/wp-content\/uploads\/2025\/06\/le-bel-apres-minuit-logo-couleur.png\",\"width\":695,\"height\":569,\"caption\":\"Le bel apr\u00e8s-minuit\"},\"image\":{\"@id\":\"https:\/\/lebelapresminuit.com\/#\/schema\/logo\/image\/\"}}]}<\/script>\n<!-- \/ Yoast SEO plugin. -->","yoast_head_json":{"title":"In progress - Le bel apr\u00e8s-minuit","description":"New shows in progress","robots":{"index":"index","follow":"follow","max-snippet":"max-snippet:-1","max-image-preview":"max-image-preview:large","max-video-preview":"max-video-preview:-1"},"canonical":"https:\/\/lebelapresminuit.com\/en\/in-progress\/","og_locale":"en_US","og_type":"article","og_title":"In progress - Le bel apr\u00e8s-minuit","og_description":"New shows in progress","og_url":"https:\/\/lebelapresminuit.com\/en\/in-progress\/","og_site_name":"Le bel apr\u00e8s-minuit","article_modified_time":"2025-11-07T09:49:31+00:00","og_image":[{"width":2100,"height":1400,"url":"https:\/\/lebelapresminuit.com\/wp-content\/uploads\/2025\/10\/EN-CREATION-DSC01403_DxO.jpg","type":"image\/jpeg"}],"twitter_card":"summary_large_image","twitter_misc":{"Est. reading time":"3 minutes"},"schema":{"@context":"https:\/\/schema.org","@graph":[{"@type":"WebPage","@id":"https:\/\/lebelapresminuit.com\/en\/in-progress\/","url":"https:\/\/lebelapresminuit.com\/en\/in-progress\/","name":"In progress - Le bel apr\u00e8s-minuit","isPartOf":{"@id":"https:\/\/lebelapresminuit.com\/#website"},"primaryImageOfPage":{"@id":"https:\/\/lebelapresminuit.com\/en\/in-progress\/#primaryimage"},"image":{"@id":"https:\/\/lebelapresminuit.com\/en\/in-progress\/#primaryimage"},"thumbnailUrl":"https:\/\/lebelapresminuit.com\/wp-content\/uploads\/2025\/10\/EN-CREATION-DSC01403_DxO.jpg","datePublished":"2025-08-31T10:34:43+00:00","dateModified":"2025-11-07T09:49:31+00:00","description":"New shows in progress","breadcrumb":{"@id":"https:\/\/lebelapresminuit.com\/en\/in-progress\/#breadcrumb"},"inLanguage":"en-US","potentialAction":[{"@type":"ReadAction","target":["https:\/\/lebelapresminuit.com\/en\/in-progress\/"]}]},{"@type":"ImageObject","inLanguage":"en-US","@id":"https:\/\/lebelapresminuit.com\/en\/in-progress\/#primaryimage","url":"https:\/\/lebelapresminuit.com\/wp-content\/uploads\/2025\/10\/EN-CREATION-DSC01403_DxO.jpg","contentUrl":"https:\/\/lebelapresminuit.com\/wp-content\/uploads\/2025\/10\/EN-CREATION-DSC01403_DxO.jpg","width":2100,"height":1400},{"@type":"BreadcrumbList","@id":"https:\/\/lebelapresminuit.com\/en\/in-progress\/#breadcrumb","itemListElement":[{"@type":"ListItem","position":1,"name":"Accueil","item":"https:\/\/lebelapresminuit.com\/en\/home\/"},{"@type":"ListItem","position":2,"name":"In progress"}]},{"@type":"WebSite","@id":"https:\/\/lebelapresminuit.com\/#website","url":"https:\/\/lebelapresminuit.com\/","name":"Le bel apr\u00e8s-minuit","description":"Compagnie de th\u00e9\u00e2tre jeune public","publisher":{"@id":"https:\/\/lebelapresminuit.com\/#organization"},"potentialAction":[{"@type":"SearchAction","target":{"@type":"EntryPoint","urlTemplate":"https:\/\/lebelapresminuit.com\/?s={search_term_string}"},"query-input":{"@type":"PropertyValueSpecification","valueRequired":true,"valueName":"search_term_string"}}],"inLanguage":"en-US"},{"@type":"Organization","@id":"https:\/\/lebelapresminuit.com\/#organization","name":"Le bel apr\u00e8s-minuit","url":"https:\/\/lebelapresminuit.com\/","logo":{"@type":"ImageObject","inLanguage":"en-US","@id":"https:\/\/lebelapresminuit.com\/#\/schema\/logo\/image\/","url":"https:\/\/lebelapresminuit.com\/wp-content\/uploads\/2025\/06\/le-bel-apres-minuit-logo-couleur.png","contentUrl":"https:\/\/lebelapresminuit.com\/wp-content\/uploads\/2025\/06\/le-bel-apres-minuit-logo-couleur.png","width":695,"height":569,"caption":"Le bel apr\u00e8s-minuit"},"image":{"@id":"https:\/\/lebelapresminuit.com\/#\/schema\/logo\/image\/"}}]}},"_links":{"self":[{"href":"https:\/\/lebelapresminuit.com\/en\/wp-json\/wp\/v2\/pages\/2336","targetHints":{"allow":["GET"]}}],"collection":[{"href":"https:\/\/lebelapresminuit.com\/en\/wp-json\/wp\/v2\/pages"}],"about":[{"href":"https:\/\/lebelapresminuit.com\/en\/wp-json\/wp\/v2\/types\/page"}],"author":[{"embeddable":true,"href":"https:\/\/lebelapresminuit.com\/en\/wp-json\/wp\/v2\/users\/1"}],"replies":[{"embeddable":true,"href":"https:\/\/lebelapresminuit.com\/en\/wp-json\/wp\/v2\/comments?post=2336"}],"version-history":[{"count":27,"href":"https:\/\/lebelapresminuit.com\/en\/wp-json\/wp\/v2\/pages\/2336\/revisions"}],"predecessor-version":[{"id":2935,"href":"https:\/\/lebelapresminuit.com\/en\/wp-json\/wp\/v2\/pages\/2336\/revisions\/2935"}],"wp:featuredmedia":[{"embeddable":true,"href":"https:\/\/lebelapresminuit.com\/en\/wp-json\/wp\/v2\/media\/2541"}],"wp:attachment":[{"href":"https:\/\/lebelapresminuit.com\/en\/wp-json\/wp\/v2\/media?parent=2336"}],"curies":[{"name":"wp","href":"https:\/\/api.w.org\/{rel}","templated":true}]}}