{"id":2332,"date":"2025-06-29T17:35:45","date_gmt":"2025-06-29T15:35:45","guid":{"rendered":"https:\/\/loicthissedemo3.fr\/contact\/"},"modified":"2025-11-26T09:03:10","modified_gmt":"2025-11-26T08:03:10","slug":"contact","status":"publish","type":"page","link":"https:\/\/lebelapresminuit.com\/en\/contact\/","title":{"rendered":"Contact"},"content":{"rendered":"<div class=\"wpb-content-wrapper\"><p>[vc_row padding_top_multiplier=&#8221;5x&#8221; padding_bottom_multiplier=&#8221;4x&#8221; rc_bg_type=&#8221;image&#8221; rc_bg_image=&#8221;2866&#8243; rc_bg_color_overlay=&#8221;black&#8221; rc_bg_opacity_overlay=&#8221;20&#8243;][vc_column rc_heading_color=&#8221;white&#8221; grve_css=&#8221;{&#8220;desktop&#8220;:{&#8220;padding-top&#8220;:&#8220;60&#8220;,&#8220;padding-bottom&#8220;:&#8220;60&#8220;,&#8220;class&#8220;:&#8220;grve-wpb-1758813731393&#8220;}}&#8221;]<h1 class=\"grve-element grve-title grve-align-center grve-h3\"><span>Contact<\/span><\/h1>[\/vc_column][\/vc_row][vc_row section_type=&#8221;fullwidth&#8221; columns_gap=&#8221;30&#8243; equal_column_height=&#8221;equal&#8221; mobile_columns_vertical_gap=&#8221;none&#8221;][vc_column][vc_row_inner columns_gap=&#8221;none&#8221; equal_column_height=&#8221;equal&#8221; mobile_columns_vertical_gap=&#8221;none&#8221;][vc_column_inner width=&#8221;1\/2&#8243; vertical_content_position=&#8221;middle&#8221; grve_css=&#8221;{&#8220;desktop&#8220;:{&#8220;border-right&#8220;:1,&#8220;padding-top&#8220;:&#8220;30&#8220;,&#8220;padding-right&#8220;:&#8220;64&#8220;,&#8220;padding-bottom&#8220;:&#8220;30&#8220;,&#8220;padding-left&#8220;:&#8220;64&#8220;,&#8220;border-color&#8220;:&#8220;#e1e1e1&#8220;,&#8220;border-style&#8220;:&#8220;solid&#8220;,&#8220;class&#8220;:&#8220;grve-wpb-1758730221360&#8220;},&#8220;tablet_portrait&#8220;:{&#8220;padding-top&#8220;:&#8220;30&#8220;,&#8220;padding-right&#8220;:&#8220;30&#8220;,&#8220;padding-bottom&#8220;:&#8220;30&#8220;,&#8220;padding-left&#8220;:&#8220;30&#8220;},&#8220;mobile_landscape&#8220;:{&#8220;border-right&#8220;:0,&#8220;padding-right&#8220;:&#8220;0&#8220;,&#8220;padding-left&#8220;:&#8220;0&#8220;}}&#8221;]<h3 class=\"grve-element grve-title grve-align-inherit grve-subtitle-text grve-text-primary-1\"><span>Distribution<\/span><\/h3>[vc_column_text css=&#8221;.vc_custom_1764144023712{padding-bottom: 10px !important;}&#8221;]Caroline Namer[\/vc_column_text][vc_column_text css=&#8221;&#8221; text_style=&#8221;small-text&#8221;]<a href=\"mailto:namercaroline@gmail.com\"><span style=\"text-decoration: underline;\">namercaroline@gmail.com<\/span><\/a>[\/vc_column_text]<div class=\"grve-empty-space grve-height-2x\"><\/div><h3 class=\"grve-element grve-title grve-align-inherit grve-subtitle-text grve-text-primary-1\"><span>Stage management<\/span><\/h3>[vc_column_text css=&#8221;.vc_custom_1758691935008{padding-bottom: 10px !important;}&#8221;]Damien Valade[\/vc_column_text][vc_column_text css=&#8221;&#8221; text_style=&#8221;small-text&#8221;]<a href=\"mailto:d.valade.mail@gmail.com\"><span style=\"text-decoration: underline;\">d.valade.mail@gmail.com<\/span><\/a>[\/vc_column_text][\/vc_column_inner][vc_column_inner width=&#8221;1\/2&#8243; vertical_content_position=&#8221;middle&#8221; grve_css=&#8221;{&#8220;desktop&#8220;:{&#8220;border-bottom&#8220;:0,&#8220;padding-top&#8220;:&#8220;30&#8220;,&#8220;padding-right&#8220;:&#8220;64&#8220;,&#8220;padding-bottom&#8220;:&#8220;30&#8220;,&#8220;padding-left&#8220;:&#8220;64&#8220;,&#8220;border-color&#8220;:&#8220;#e1e1e1&#8220;,&#8220;border-style&#8220;:&#8220;solid&#8220;,&#8220;class&#8220;:&#8220;grve-wpb-1758730559190&#8220;},&#8220;tablet_portrait&#8220;:{&#8220;padding-top&#8220;:&#8220;30&#8220;,&#8220;padding-right&#8220;:&#8220;30&#8220;,&#8220;padding-bottom&#8220;:&#8220;30&#8220;,&#8220;padding-left&#8220;:&#8220;30&#8220;},&#8220;mobile_landscape&#8220;:{&#8220;padding-right&#8220;:&#8220;0&#8220;,&#8220;padding-bottom&#8220;:&#8220;0&#8220;,&#8220;padding-left&#8220;:&#8220;0&#8220;}}&#8221;]<h3 class=\"grve-element grve-title grve-align-inherit grve-subtitle-text grve-text-primary-1\"><span>Administration and production<\/span><\/h3>[vc_column_text css=&#8221;.vc_custom_1758729843580{padding-bottom: 10px !important;}&#8221;]Agn\u00e8s Duthu<br \/>\nOffice<em> La M\u00e9canique des R\u00eaves<\/em>[\/vc_column_text][vc_column_text css=&#8221;.vc_custom_1759998319460{padding-bottom: 30px !important;}&#8221; text_style=&#8221;small-text&#8221;]<a href=\"mailto:agnesduthu.belapresminuit@gmail.com\"><span style=\"text-decoration: underline;\">agnesduthu.belapresminuit@gmail.com<\/span><\/a><br \/>\n<a href=\"https:\/\/www.lamecaniquedesreves.com\" target=\"_blank\" rel=\"noopener\"><span style=\"text-decoration: underline;\">lamecaniquedesreves.com<\/span><\/a>[\/vc_column_text][\/vc_column_inner][\/vc_row_inner][\/vc_column][\/vc_row][vc_row section_type=&#8221;fullwidth&#8221; columns_gap=&#8221;30&#8243; mobile_columns_vertical_gap=&#8221;none&#8221;][vc_column rc_heading_color=&#8221;white&#8221; rc_bg_type=&#8221;image&#8221; rc_bg_image=&#8221;44&#8243; rc_bg_image_type=&#8221;pattern&#8221; rc_bg_opacity_overlay=&#8221;30&#8243; rc_font_color=&#8221;#FFFFFF&#8221; grve_css=&#8221;{&#8220;desktop&#8220;:{&#8220;border-top-left-radius&#8220;:&#8220;4&#8220;,&#8220;border-top-right-radius&#8220;:&#8220;4&#8220;,&#8220;border-bottom-right-radius&#8220;:&#8220;4&#8220;,&#8220;border-bottom-left-radius&#8220;:&#8220;4&#8220;,&#8220;padding-top&#8220;:&#8220;30&#8220;,&#8220;padding-right&#8220;:&#8220;30&#8220;,&#8220;padding-bottom&#8220;:&#8220;30&#8220;,&#8220;padding-left&#8220;:&#8220;30&#8220;,&#8220;border-color&#8220;:&#8220;#e1e1e1&#8220;,&#8220;border-style&#8220;:&#8220;solid&#8220;,&#8220;class&#8220;:&#8220;grve-wpb-1758692089159&#8220;}}&#8221;]<div class=\"grve-element grve-callout\"><div class=\"grve-callout-wrapper\"><h4 class=\"grve-callout-content grve-subtitle-text\">Don&#039;t miss on any of the company&#039;s news<\/h4><p class=\"\">Sign up for the newsletter<\/p><\/div><div class=\"grve-button-wrapper\"><a href=\"https:\/\/lebelapresminuit.com\/en\/newsletter\/\" title=\"Newsletter\" class=\"grve-btn grve-extra-round grve-bg-primary-1 grve-border-primary-1 grve-bg-hover-primary-1 grve-border-hover-primary-1 grve-text-white grve-text-hover-white grve-btn-small grve-with-svg-icon-arrow-2\">\r\n\t\t<div class=\"grve-btn-inner\">\r\n\t\t<span>Sign up<\/span>\r\n\t\t\t\t\t\t\t<div class=\"grve-btn-svg-icon\">\r\n\t\t\t\t\t\t\t<svg width=\"40px\" height=\"16px\" viewBox=\"0 0 40 16\">\r\n\t\t\t\t\t<polygon class=\"grve-arrow-line\" points=\"0 7 38 7 38 9 0 9\"><\/polygon>\r\n\t\t\t\t\t<polygon class=\"grve-arrow-point\" points=\"31.3481912 0 40 8 31.3481912 16 30 14.5816219 37.1 8 30 1.41837809\"><\/polygon>\r\n\t\t\t\t<\/svg>\r\n\t\t\t\t\t\t\t\t<\/div>\r\n\t\t\t\t\t<\/div>\r\n\t<\/a><\/div><\/div>[\/vc_column][\/vc_row][vc_row padding_top_multiplier=&#8221;&#8221; padding_bottom_multiplier=&#8221;&#8221; mobile_columns_vertical_gap=&#8221;none&#8221;][vc_column text_align=&#8221;center&#8221; rc_font_color=&#8221;#000000&#8243; grve_css=&#8221;{&#8220;desktop&#8220;:{&#8220;border-top-left-radius&#8220;:&#8220;4&#8220;,&#8220;border-top-right-radius&#8220;:&#8220;4&#8220;,&#8220;border-bottom-right-radius&#8220;:&#8220;4&#8220;,&#8220;border-bottom-left-radius&#8220;:&#8220;4&#8220;,&#8220;padding-top&#8220;:&#8220;30&#8220;,&#8220;padding-right&#8220;:&#8220;30&#8220;,&#8220;padding-bottom&#8220;:&#8220;30&#8220;,&#8220;padding-left&#8220;:&#8220;30&#8220;,&#8220;border-color&#8220;:&#8220;#e1e1e1&#8220;,&#8220;border-style&#8220;:&#8220;solid&#8220;,&#8220;class&#8220;:&#8220;grve-wpb-1762512236075&#8220;}}&#8221;]<div class=\"grve-element grve-divider\" style=\"padding-top: 15px;padding-bottom: 15px;\"><div class=\"grve-vertical-divider grve-align-center grve-height-1x\" style=\"width: 1px;\"><span class=\"grve-bg-primary-1\"><\/span><\/div><\/div><h3 class=\"grve-element grve-title grve-align-inherit grve-subtitle-text\" style=\"margin-bottom: 10px;\"><span>Follow us<\/span><\/h3>\t<div id=\"social-links-default-social-links-id\" class=\"grve-element grve-social grve-align-inherit grve-icon-type grve-space-15 grve-icon-medium\">\r\n\t\t<ul>\r\n\t\t\t\t\t\t\t\t<li>\r\n\t\t\t\t\t\t\t<a href=\"https:\/\/www.instagram.com\/lebelapresminuit\/\" class=\"grve-circle grve-with-shape grve-simple grve-bg-primary-1\" target=\"_blank\" rel=\"noopener noreferrer\">\r\n\t\t\t\t\t\t\t\t<span class=\"grve-icon grve-text-white fab fa-instagram\"><\/span>\r\n\t\t\t\t\t\t\t\t<span class=\"screen-reader-text\">Instagram<\/span>\r\n\t\t\t\t\t\t\t<\/a>\r\n\t\t\t\t\t\t<\/li>\r\n\t\t\t\t<\/ul>\r\n\t<\/div>\r\n<div class=\"grve-element grve-divider\" style=\"padding-top: 15px;padding-bottom: 15px;\"><div class=\"grve-vertical-divider grve-align-center grve-height-1x\" style=\"width: 1px;\"><span class=\"grve-bg-primary-1\"><\/span><\/div><\/div>[\/vc_column][\/vc_row]<\/p>\n<\/div>","protected":false},"excerpt":{"rendered":"<p>[vc_row padding_top_multiplier=&#8221;5x&#8221; padding_bottom_multiplier=&#8221;4x&#8221; rc_bg_type=&#8221;image&#8221; rc_bg_image=&#8221;2866&#8243; rc_bg_color_overlay=&#8221;black&#8221; rc_bg_opacity_overlay=&#8221;20&#8243;][vc_column rc_heading_color=&#8221;white&#8221; grve_css=&#8221;{&#8220;desktop&#8220;:{&#8220;padding-top&#8220;:&#8220;60&#8220;,&#8220;padding-bottom&#8220;:&#8220;60&#8220;,&#8220;class&#8220;:&#8220;grve-wpb-1758813731393&#8220;}}&#8221;][\/vc_column][\/vc_row][vc_row section_type=&#8221;fullwidth&#8221; columns_gap=&#8221;30&#8243; equal_column_height=&#8221;equal&#8221; mobile_columns_vertical_gap=&#8221;none&#8221;][vc_column][vc_row_inner columns_gap=&#8221;none&#8221; equal_column_height=&#8221;equal&#8221; mobile_columns_vertical_gap=&#8221;none&#8221;][vc_column_inner width=&#8221;1\/2&#8243; vertical_content_position=&#8221;middle&#8221; grve_css=&#8221;{&#8220;desktop&#8220;:{&#8220;border-right&#8220;:1,&#8220;padding-top&#8220;:&#8220;30&#8220;,&#8220;padding-right&#8220;:&#8220;64&#8220;,&#8220;padding-bottom&#8220;:&#8220;30&#8220;,&#8220;padding-left&#8220;:&#8220;64&#8220;,&#8220;border-color&#8220;:&#8220;#e1e1e1&#8220;,&#8220;border-style&#8220;:&#8220;solid&#8220;,&#8220;class&#8220;:&#8220;grve-wpb-1758730221360&#8220;},&#8220;tablet_portrait&#8220;:{&#8220;padding-top&#8220;:&#8220;30&#8220;,&#8220;padding-right&#8220;:&#8220;30&#8220;,&#8220;padding-bottom&#8220;:&#8220;30&#8220;,&#8220;padding-left&#8220;:&#8220;30&#8220;},&#8220;mobile_landscape&#8220;:{&#8220;border-right&#8220;:0,&#8220;padding-right&#8220;:&#8220;0&#8220;,&#8220;padding-left&#8220;:&#8220;0&#8220;}}&#8221;][vc_column_text css=&#8221;.vc_custom_1764144023712{padding-bottom: 10px !important;}&#8221;]Caroline Namer[\/vc_column_text][vc_column_text css=&#8221;&#8221; text_style=&#8221;small-text&#8221;]namercaroline@gmail.com[\/vc_column_text][vc_column_text css=&#8221;.vc_custom_1758691935008{padding-bottom: 10px !important;}&#8221;]Damien Valade[\/vc_column_text][vc_column_text css=&#8221;&#8221; text_style=&#8221;small-text&#8221;]d.valade.mail@gmail.com[\/vc_column_text][\/vc_column_inner][vc_column_inner width=&#8221;1\/2&#8243; vertical_content_position=&#8221;middle&#8221; grve_css=&#8221;{&#8220;desktop&#8220;:{&#8220;border-bottom&#8220;:0,&#8220;padding-top&#8220;:&#8220;30&#8220;,&#8220;padding-right&#8220;:&#8220;64&#8220;,&#8220;padding-bottom&#8220;:&#8220;30&#8220;,&#8220;padding-left&#8220;:&#8220;64&#8220;,&#8220;border-color&#8220;:&#8220;#e1e1e1&#8220;,&#8220;border-style&#8220;:&#8220;solid&#8220;,&#8220;class&#8220;:&#8220;grve-wpb-1758730559190&#8220;},&#8220;tablet_portrait&#8220;:{&#8220;padding-top&#8220;:&#8220;30&#8220;,&#8220;padding-right&#8220;:&#8220;30&#8220;,&#8220;padding-bottom&#8220;:&#8220;30&#8220;,&#8220;padding-left&#8220;:&#8220;30&#8220;},&#8220;mobile_landscape&#8220;:{&#8220;padding-right&#8220;:&#8220;0&#8220;,&#8220;padding-bottom&#8220;:&#8220;0&#8220;,&#8220;padding-left&#8220;:&#8220;0&#8220;}}&#8221;][vc_column_text css=&#8221;.vc_custom_1758729843580{padding-bottom: 10px !important;}&#8221;]Agn\u00e8s Duthu Office La M\u00e9canique des R\u00eaves[\/vc_column_text][vc_column_text css=&#8221;.vc_custom_1759998319460{padding-bottom: 30px !important;}&#8221; text_style=&#8221;small-text&#8221;]agnesduthu.belapresminuit@gmail.com lamecaniquedesreves.com[\/vc_column_text][\/vc_column_inner][\/vc_row_inner][\/vc_column][\/vc_row][vc_row section_type=&#8221;fullwidth&#8221; columns_gap=&#8221;30&#8243; mobile_columns_vertical_gap=&#8221;none&#8221;][vc_column rc_heading_color=&#8221;white&#8221; rc_bg_type=&#8221;image&#8221; rc_bg_image=&#8221;44&#8243; rc_bg_image_type=&#8221;pattern&#8221; [&hellip;]<\/p>\n","protected":false},"author":1,"featured_media":2867,"parent":0,"menu_order":0,"comment_status":"closed","ping_status":"closed","template":"","meta":{"footnotes":""},"class_list":["post-2332","page","type-page","status-publish","has-post-thumbnail","hentry","grve-entry-item"],"yoast_head":"<!-- This site is optimized with the Yoast SEO plugin v26.9 - https:\/\/yoast.com\/product\/yoast-seo-wordpress\/ -->\n<title>Contact - Le bel apr\u00e8s-minuit<\/title>\n<meta name=\"description\" content=\"Contact the company. Distribution, administration and production, stage management.\" \/>\n<meta name=\"robots\" content=\"index, follow, max-snippet:-1, max-image-preview:large, max-video-preview:-1\" \/>\n<link rel=\"canonical\" href=\"https:\/\/lebelapresminuit.com\/en\/contact\/\" \/>\n<meta property=\"og:locale\" content=\"en_US\" \/>\n<meta property=\"og:type\" content=\"article\" \/>\n<meta property=\"og:title\" content=\"Contact - Le bel apr\u00e8s-minuit\" \/>\n<meta property=\"og:description\" content=\"Contact the company. Distribution, administration and production, stage management.\" \/>\n<meta property=\"og:url\" content=\"https:\/\/lebelapresminuit.com\/en\/contact\/\" \/>\n<meta property=\"og:site_name\" content=\"Le bel apr\u00e8s-minuit\" \/>\n<meta property=\"article:modified_time\" content=\"2025-11-26T08:03:10+00:00\" \/>\n<meta property=\"og:image\" content=\"https:\/\/lebelapresminuit.com\/wp-content\/uploads\/2025\/11\/fond-main-contact.jpg\" \/>\n\t<meta property=\"og:image:width\" content=\"2100\" \/>\n\t<meta property=\"og:image:height\" content=\"1400\" \/>\n\t<meta property=\"og:image:type\" content=\"image\/jpeg\" \/>\n<meta name=\"twitter:card\" content=\"summary_large_image\" \/>\n<meta name=\"twitter:label1\" content=\"Est. reading time\" \/>\n\t<meta name=\"twitter:data1\" content=\"3 minutes\" \/>\n<script type=\"application\/ld+json\" class=\"yoast-schema-graph\">{\"@context\":\"https:\/\/schema.org\",\"@graph\":[{\"@type\":\"WebPage\",\"@id\":\"https:\/\/lebelapresminuit.com\/en\/contact\/\",\"url\":\"https:\/\/lebelapresminuit.com\/en\/contact\/\",\"name\":\"Contact - Le bel apr\u00e8s-minuit\",\"isPartOf\":{\"@id\":\"https:\/\/lebelapresminuit.com\/#website\"},\"primaryImageOfPage\":{\"@id\":\"https:\/\/lebelapresminuit.com\/en\/contact\/#primaryimage\"},\"image\":{\"@id\":\"https:\/\/lebelapresminuit.com\/en\/contact\/#primaryimage\"},\"thumbnailUrl\":\"https:\/\/lebelapresminuit.com\/wp-content\/uploads\/2025\/11\/fond-main-contact.jpg\",\"datePublished\":\"2025-06-29T15:35:45+00:00\",\"dateModified\":\"2025-11-26T08:03:10+00:00\",\"description\":\"Contact the company. Distribution, administration and production, stage management.\",\"breadcrumb\":{\"@id\":\"https:\/\/lebelapresminuit.com\/en\/contact\/#breadcrumb\"},\"inLanguage\":\"en-US\",\"potentialAction\":[{\"@type\":\"ReadAction\",\"target\":[\"https:\/\/lebelapresminuit.com\/en\/contact\/\"]}]},{\"@type\":\"ImageObject\",\"inLanguage\":\"en-US\",\"@id\":\"https:\/\/lebelapresminuit.com\/en\/contact\/#primaryimage\",\"url\":\"https:\/\/lebelapresminuit.com\/wp-content\/uploads\/2025\/11\/fond-main-contact.jpg\",\"contentUrl\":\"https:\/\/lebelapresminuit.com\/wp-content\/uploads\/2025\/11\/fond-main-contact.jpg\",\"width\":2100,\"height\":1400},{\"@type\":\"BreadcrumbList\",\"@id\":\"https:\/\/lebelapresminuit.com\/en\/contact\/#breadcrumb\",\"itemListElement\":[{\"@type\":\"ListItem\",\"position\":1,\"name\":\"Accueil\",\"item\":\"https:\/\/lebelapresminuit.com\/en\/home\/\"},{\"@type\":\"ListItem\",\"position\":2,\"name\":\"Contact\"}]},{\"@type\":\"WebSite\",\"@id\":\"https:\/\/lebelapresminuit.com\/#website\",\"url\":\"https:\/\/lebelapresminuit.com\/\",\"name\":\"Le bel apr\u00e8s-minuit\",\"description\":\"Compagnie de th\u00e9\u00e2tre jeune public\",\"publisher\":{\"@id\":\"https:\/\/lebelapresminuit.com\/#organization\"},\"potentialAction\":[{\"@type\":\"SearchAction\",\"target\":{\"@type\":\"EntryPoint\",\"urlTemplate\":\"https:\/\/lebelapresminuit.com\/?s={search_term_string}\"},\"query-input\":{\"@type\":\"PropertyValueSpecification\",\"valueRequired\":true,\"valueName\":\"search_term_string\"}}],\"inLanguage\":\"en-US\"},{\"@type\":\"Organization\",\"@id\":\"https:\/\/lebelapresminuit.com\/#organization\",\"name\":\"Le bel apr\u00e8s-minuit\",\"url\":\"https:\/\/lebelapresminuit.com\/\",\"logo\":{\"@type\":\"ImageObject\",\"inLanguage\":\"en-US\",\"@id\":\"https:\/\/lebelapresminuit.com\/#\/schema\/logo\/image\/\",\"url\":\"https:\/\/lebelapresminuit.com\/wp-content\/uploads\/2025\/06\/le-bel-apres-minuit-logo-couleur.png\",\"contentUrl\":\"https:\/\/lebelapresminuit.com\/wp-content\/uploads\/2025\/06\/le-bel-apres-minuit-logo-couleur.png\",\"width\":695,\"height\":569,\"caption\":\"Le bel apr\u00e8s-minuit\"},\"image\":{\"@id\":\"https:\/\/lebelapresminuit.com\/#\/schema\/logo\/image\/\"}}]}<\/script>\n<!-- \/ Yoast SEO plugin. -->","yoast_head_json":{"title":"Contact - Le bel apr\u00e8s-minuit","description":"Contact the company. Distribution, administration and production, stage management.","robots":{"index":"index","follow":"follow","max-snippet":"max-snippet:-1","max-image-preview":"max-image-preview:large","max-video-preview":"max-video-preview:-1"},"canonical":"https:\/\/lebelapresminuit.com\/en\/contact\/","og_locale":"en_US","og_type":"article","og_title":"Contact - Le bel apr\u00e8s-minuit","og_description":"Contact the company. Distribution, administration and production, stage management.","og_url":"https:\/\/lebelapresminuit.com\/en\/contact\/","og_site_name":"Le bel apr\u00e8s-minuit","article_modified_time":"2025-11-26T08:03:10+00:00","og_image":[{"width":2100,"height":1400,"url":"https:\/\/lebelapresminuit.com\/wp-content\/uploads\/2025\/11\/fond-main-contact.jpg","type":"image\/jpeg"}],"twitter_card":"summary_large_image","twitter_misc":{"Est. reading time":"3 minutes"},"schema":{"@context":"https:\/\/schema.org","@graph":[{"@type":"WebPage","@id":"https:\/\/lebelapresminuit.com\/en\/contact\/","url":"https:\/\/lebelapresminuit.com\/en\/contact\/","name":"Contact - Le bel apr\u00e8s-minuit","isPartOf":{"@id":"https:\/\/lebelapresminuit.com\/#website"},"primaryImageOfPage":{"@id":"https:\/\/lebelapresminuit.com\/en\/contact\/#primaryimage"},"image":{"@id":"https:\/\/lebelapresminuit.com\/en\/contact\/#primaryimage"},"thumbnailUrl":"https:\/\/lebelapresminuit.com\/wp-content\/uploads\/2025\/11\/fond-main-contact.jpg","datePublished":"2025-06-29T15:35:45+00:00","dateModified":"2025-11-26T08:03:10+00:00","description":"Contact the company. Distribution, administration and production, stage management.","breadcrumb":{"@id":"https:\/\/lebelapresminuit.com\/en\/contact\/#breadcrumb"},"inLanguage":"en-US","potentialAction":[{"@type":"ReadAction","target":["https:\/\/lebelapresminuit.com\/en\/contact\/"]}]},{"@type":"ImageObject","inLanguage":"en-US","@id":"https:\/\/lebelapresminuit.com\/en\/contact\/#primaryimage","url":"https:\/\/lebelapresminuit.com\/wp-content\/uploads\/2025\/11\/fond-main-contact.jpg","contentUrl":"https:\/\/lebelapresminuit.com\/wp-content\/uploads\/2025\/11\/fond-main-contact.jpg","width":2100,"height":1400},{"@type":"BreadcrumbList","@id":"https:\/\/lebelapresminuit.com\/en\/contact\/#breadcrumb","itemListElement":[{"@type":"ListItem","position":1,"name":"Accueil","item":"https:\/\/lebelapresminuit.com\/en\/home\/"},{"@type":"ListItem","position":2,"name":"Contact"}]},{"@type":"WebSite","@id":"https:\/\/lebelapresminuit.com\/#website","url":"https:\/\/lebelapresminuit.com\/","name":"Le bel apr\u00e8s-minuit","description":"Compagnie de th\u00e9\u00e2tre jeune public","publisher":{"@id":"https:\/\/lebelapresminuit.com\/#organization"},"potentialAction":[{"@type":"SearchAction","target":{"@type":"EntryPoint","urlTemplate":"https:\/\/lebelapresminuit.com\/?s={search_term_string}"},"query-input":{"@type":"PropertyValueSpecification","valueRequired":true,"valueName":"search_term_string"}}],"inLanguage":"en-US"},{"@type":"Organization","@id":"https:\/\/lebelapresminuit.com\/#organization","name":"Le bel apr\u00e8s-minuit","url":"https:\/\/lebelapresminuit.com\/","logo":{"@type":"ImageObject","inLanguage":"en-US","@id":"https:\/\/lebelapresminuit.com\/#\/schema\/logo\/image\/","url":"https:\/\/lebelapresminuit.com\/wp-content\/uploads\/2025\/06\/le-bel-apres-minuit-logo-couleur.png","contentUrl":"https:\/\/lebelapresminuit.com\/wp-content\/uploads\/2025\/06\/le-bel-apres-minuit-logo-couleur.png","width":695,"height":569,"caption":"Le bel apr\u00e8s-minuit"},"image":{"@id":"https:\/\/lebelapresminuit.com\/#\/schema\/logo\/image\/"}}]}},"_links":{"self":[{"href":"https:\/\/lebelapresminuit.com\/en\/wp-json\/wp\/v2\/pages\/2332","targetHints":{"allow":["GET"]}}],"collection":[{"href":"https:\/\/lebelapresminuit.com\/en\/wp-json\/wp\/v2\/pages"}],"about":[{"href":"https:\/\/lebelapresminuit.com\/en\/wp-json\/wp\/v2\/types\/page"}],"author":[{"embeddable":true,"href":"https:\/\/lebelapresminuit.com\/en\/wp-json\/wp\/v2\/users\/1"}],"replies":[{"embeddable":true,"href":"https:\/\/lebelapresminuit.com\/en\/wp-json\/wp\/v2\/comments?post=2332"}],"version-history":[{"count":26,"href":"https:\/\/lebelapresminuit.com\/en\/wp-json\/wp\/v2\/pages\/2332\/revisions"}],"predecessor-version":[{"id":2991,"href":"https:\/\/lebelapresminuit.com\/en\/wp-json\/wp\/v2\/pages\/2332\/revisions\/2991"}],"wp:featuredmedia":[{"embeddable":true,"href":"https:\/\/lebelapresminuit.com\/en\/wp-json\/wp\/v2\/media\/2867"}],"wp:attachment":[{"href":"https:\/\/lebelapresminuit.com\/en\/wp-json\/wp\/v2\/media?parent=2332"}],"curies":[{"name":"wp","href":"https:\/\/api.w.org\/{rel}","templated":true}]}}