{"id":2329,"date":"2025-09-16T09:37:13","date_gmt":"2025-09-16T07:37:13","guid":{"rendered":"https:\/\/loicthissedemo3.fr\/newsletter\/"},"modified":"2025-11-07T11:03:02","modified_gmt":"2025-11-07T10:03:02","slug":"newsletter","status":"publish","type":"page","link":"https:\/\/lebelapresminuit.com\/en\/newsletter\/","title":{"rendered":"Newsletter"},"content":{"rendered":"<div class=\"wpb-content-wrapper\"><p>[vc_row padding_top_multiplier=&#8221;5x&#8221; padding_bottom_multiplier=&#8221;4x&#8221; rc_bg_type=&#8221;image&#8221; rc_bg_image=&#8221;44&#8243; rc_bg_image_type=&#8221;pattern&#8221;][vc_column rc_heading_color=&#8221;white&#8221; grve_css=&#8221;{&#8220;desktop&#8220;:{&#8220;padding-top&#8220;:&#8220;60&#8220;,&#8220;padding-bottom&#8220;:&#8220;60&#8220;,&#8220;class&#8220;:&#8220;grve-wpb-1758813731393&#8220;}}&#8221;]<h1 class=\"grve-element grve-title grve-align-center grve-h3\"><span>Newsletter<\/span><\/h1>[\/vc_column][\/vc_row][vc_row][vc_column][vc_raw_html css=&#8221;&#8221;]PGlmcmFtZSB3aWR0aD0iNjgwIiBoZWlnaHQ9Ijk4MCIgc3JjPSJodHRwczovLzQ1MmM5OWZiLnNpYmZvcm1zLmNvbS9zZXJ2ZS9NVUlGQUEwTU9WTC1oTmR5U3BWQ0Z1YWVTTmZFOU1TTHhMWHpqQWRaclRaQjlPOGRLcG14MERCd2h2bTBzRkI0UDkwZ0hFR3k5eDhfbmJtMkw2eTFfcmxCaHlTYWVwVmpCUFJjSm03RGxPdjctZ2RscG9WdU5RaGVUNlJRMTlWTThsaTE4RGVidUJFa052eHNsZEk3WlcxOTR2SXJaUXhuQ0RzN3NZMXVxOFVQTzVpaDhWWTg3cW5Dc083aHFSZEZYNFR0ZWhpX2N6QlpyVG00IiBmcmFtZWJvcmRlcj0iMCIgc2Nyb2xsaW5nPSJhdXRvIiBhbGxvd2Z1bGxzY3JlZW49IiIgc3R5bGU9ImRpc3BsYXk6IGJsb2NrO21hcmdpbi1sZWZ0OiBhdXRvO21hcmdpbi1yaWdodDogYXV0bzttYXgtd2lkdGg6IDEwMCU7Ij48L2lmcmFtZT4=[\/vc_raw_html][\/vc_column][\/vc_row]<\/p>\n<\/div>","protected":false},"excerpt":{"rendered":"<p>[vc_row padding_top_multiplier=&#8221;5x&#8221; padding_bottom_multiplier=&#8221;4x&#8221; rc_bg_type=&#8221;image&#8221; rc_bg_image=&#8221;44&#8243; rc_bg_image_type=&#8221;pattern&#8221;][vc_column rc_heading_color=&#8221;white&#8221; grve_css=&#8221;{&#8220;desktop&#8220;:{&#8220;padding-top&#8220;:&#8220;60&#8220;,&#8220;padding-bottom&#8220;:&#8220;60&#8220;,&#8220;class&#8220;:&#8220;grve-wpb-1758813731393&#8220;}}&#8221;][\/vc_column][\/vc_row][vc_row][vc_column][vc_raw_html css=&#8221;&#8221;]PGlmcmFtZSB3aWR0aD0iNjgwIiBoZWlnaHQ9Ijk4MCIgc3JjPSJodHRwczovLzQ1MmM5OWZiLnNpYmZvcm1zLmNvbS9zZXJ2ZS9NVUlGQUEwTU9WTC1oTmR5U3BWQ0Z1YWVTTmZFOU1TTHhMWHpqQWRaclRaQjlPOGRLcG14MERCd2h2bTBzRkI0UDkwZ0hFR3k5eDhfbmJtMkw2eTFfcmxCaHlTYWVwVmpCUFJjSm03RGxPdjctZ2RscG9WdU5RaGVUNlJRMTlWTThsaTE4RGVidUJFa052eHNsZEk3WlcxOTR2SXJaUXhuQ0RzN3NZMXVxOFVQTzVpaDhWWTg3cW5Dc083aHFSZEZYNFR0ZWhpX2N6QlpyVG00IiBmcmFtZWJvcmRlcj0iMCIgc2Nyb2xsaW5nPSJhdXRvIiBhbGxvd2Z1bGxzY3JlZW49IiIgc3R5bGU9ImRpc3BsYXk6IGJsb2NrO21hcmdpbi1sZWZ0OiBhdXRvO21hcmdpbi1yaWdodDogYXV0bzttYXgtd2lkdGg6IDEwMCU7Ij48L2lmcmFtZT4=[\/vc_raw_html][\/vc_column][\/vc_row]<\/p>\n","protected":false},"author":1,"featured_media":0,"parent":0,"menu_order":0,"comment_status":"closed","ping_status":"closed","template":"","meta":{"footnotes":""},"class_list":["post-2329","page","type-page","status-publish","hentry","grve-entry-item"],"yoast_head":"<!-- This site is optimized with the Yoast SEO plugin v26.9 - https:\/\/yoast.com\/product\/yoast-seo-wordpress\/ -->\n<title>Newsletter - Le bel apr\u00e8s-minuit<\/title>\n<meta name=\"description\" content=\"Don&#039;t miss on any of the company&#039;s news\" \/>\n<meta name=\"robots\" content=\"index, follow, max-snippet:-1, max-image-preview:large, max-video-preview:-1\" \/>\n<link rel=\"canonical\" href=\"https:\/\/lebelapresminuit.com\/en\/newsletter\/\" \/>\n<meta property=\"og:locale\" content=\"en_US\" \/>\n<meta property=\"og:type\" content=\"article\" \/>\n<meta property=\"og:title\" content=\"Newsletter - Le bel apr\u00e8s-minuit\" \/>\n<meta property=\"og:description\" content=\"Don&#039;t miss on any of the company&#039;s news\" \/>\n<meta property=\"og:url\" content=\"https:\/\/lebelapresminuit.com\/en\/newsletter\/\" \/>\n<meta property=\"og:site_name\" content=\"Le bel apr\u00e8s-minuit\" \/>\n<meta property=\"article:modified_time\" content=\"2025-11-07T10:03:02+00:00\" \/>\n<meta property=\"og:image\" content=\"https:\/\/lebelapresminuit.com\/wp-content\/uploads\/2025\/09\/les-abimes-2.jpg\" \/>\n\t<meta property=\"og:image:width\" content=\"1280\" \/>\n\t<meta property=\"og:image:height\" content=\"720\" \/>\n\t<meta property=\"og:image:type\" content=\"image\/jpeg\" \/>\n<meta name=\"twitter:card\" content=\"summary_large_image\" \/>\n<meta name=\"twitter:label1\" content=\"Est. reading time\" \/>\n\t<meta name=\"twitter:data1\" content=\"1 minute\" \/>\n<script type=\"application\/ld+json\" class=\"yoast-schema-graph\">{\"@context\":\"https:\/\/schema.org\",\"@graph\":[{\"@type\":\"WebPage\",\"@id\":\"https:\/\/lebelapresminuit.com\/en\/newsletter\/\",\"url\":\"https:\/\/lebelapresminuit.com\/en\/newsletter\/\",\"name\":\"Newsletter - Le bel apr\u00e8s-minuit\",\"isPartOf\":{\"@id\":\"https:\/\/lebelapresminuit.com\/#website\"},\"datePublished\":\"2025-09-16T07:37:13+00:00\",\"dateModified\":\"2025-11-07T10:03:02+00:00\",\"description\":\"Don't miss on any of the company's news\",\"breadcrumb\":{\"@id\":\"https:\/\/lebelapresminuit.com\/en\/newsletter\/#breadcrumb\"},\"inLanguage\":\"en-US\",\"potentialAction\":[{\"@type\":\"ReadAction\",\"target\":[\"https:\/\/lebelapresminuit.com\/en\/newsletter\/\"]}]},{\"@type\":\"BreadcrumbList\",\"@id\":\"https:\/\/lebelapresminuit.com\/en\/newsletter\/#breadcrumb\",\"itemListElement\":[{\"@type\":\"ListItem\",\"position\":1,\"name\":\"Accueil\",\"item\":\"https:\/\/lebelapresminuit.com\/en\/home\/\"},{\"@type\":\"ListItem\",\"position\":2,\"name\":\"Newsletter\"}]},{\"@type\":\"WebSite\",\"@id\":\"https:\/\/lebelapresminuit.com\/#website\",\"url\":\"https:\/\/lebelapresminuit.com\/\",\"name\":\"Le bel apr\u00e8s-minuit\",\"description\":\"Compagnie de th\u00e9\u00e2tre jeune public\",\"publisher\":{\"@id\":\"https:\/\/lebelapresminuit.com\/#organization\"},\"potentialAction\":[{\"@type\":\"SearchAction\",\"target\":{\"@type\":\"EntryPoint\",\"urlTemplate\":\"https:\/\/lebelapresminuit.com\/?s={search_term_string}\"},\"query-input\":{\"@type\":\"PropertyValueSpecification\",\"valueRequired\":true,\"valueName\":\"search_term_string\"}}],\"inLanguage\":\"en-US\"},{\"@type\":\"Organization\",\"@id\":\"https:\/\/lebelapresminuit.com\/#organization\",\"name\":\"Le bel apr\u00e8s-minuit\",\"url\":\"https:\/\/lebelapresminuit.com\/\",\"logo\":{\"@type\":\"ImageObject\",\"inLanguage\":\"en-US\",\"@id\":\"https:\/\/lebelapresminuit.com\/#\/schema\/logo\/image\/\",\"url\":\"https:\/\/lebelapresminuit.com\/wp-content\/uploads\/2025\/06\/le-bel-apres-minuit-logo-couleur.png\",\"contentUrl\":\"https:\/\/lebelapresminuit.com\/wp-content\/uploads\/2025\/06\/le-bel-apres-minuit-logo-couleur.png\",\"width\":695,\"height\":569,\"caption\":\"Le bel apr\u00e8s-minuit\"},\"image\":{\"@id\":\"https:\/\/lebelapresminuit.com\/#\/schema\/logo\/image\/\"}}]}<\/script>\n<!-- \/ Yoast SEO plugin. -->","yoast_head_json":{"title":"Newsletter - Le bel apr\u00e8s-minuit","description":"Don't miss on any of the company's news","robots":{"index":"index","follow":"follow","max-snippet":"max-snippet:-1","max-image-preview":"max-image-preview:large","max-video-preview":"max-video-preview:-1"},"canonical":"https:\/\/lebelapresminuit.com\/en\/newsletter\/","og_locale":"en_US","og_type":"article","og_title":"Newsletter - Le bel apr\u00e8s-minuit","og_description":"Don't miss on any of the company's news","og_url":"https:\/\/lebelapresminuit.com\/en\/newsletter\/","og_site_name":"Le bel apr\u00e8s-minuit","article_modified_time":"2025-11-07T10:03:02+00:00","og_image":[{"width":1280,"height":720,"url":"https:\/\/lebelapresminuit.com\/wp-content\/uploads\/2025\/09\/les-abimes-2.jpg","type":"image\/jpeg"}],"twitter_card":"summary_large_image","twitter_misc":{"Est. reading time":"1 minute"},"schema":{"@context":"https:\/\/schema.org","@graph":[{"@type":"WebPage","@id":"https:\/\/lebelapresminuit.com\/en\/newsletter\/","url":"https:\/\/lebelapresminuit.com\/en\/newsletter\/","name":"Newsletter - Le bel apr\u00e8s-minuit","isPartOf":{"@id":"https:\/\/lebelapresminuit.com\/#website"},"datePublished":"2025-09-16T07:37:13+00:00","dateModified":"2025-11-07T10:03:02+00:00","description":"Don't miss on any of the company's news","breadcrumb":{"@id":"https:\/\/lebelapresminuit.com\/en\/newsletter\/#breadcrumb"},"inLanguage":"en-US","potentialAction":[{"@type":"ReadAction","target":["https:\/\/lebelapresminuit.com\/en\/newsletter\/"]}]},{"@type":"BreadcrumbList","@id":"https:\/\/lebelapresminuit.com\/en\/newsletter\/#breadcrumb","itemListElement":[{"@type":"ListItem","position":1,"name":"Accueil","item":"https:\/\/lebelapresminuit.com\/en\/home\/"},{"@type":"ListItem","position":2,"name":"Newsletter"}]},{"@type":"WebSite","@id":"https:\/\/lebelapresminuit.com\/#website","url":"https:\/\/lebelapresminuit.com\/","name":"Le bel apr\u00e8s-minuit","description":"Compagnie de th\u00e9\u00e2tre jeune public","publisher":{"@id":"https:\/\/lebelapresminuit.com\/#organization"},"potentialAction":[{"@type":"SearchAction","target":{"@type":"EntryPoint","urlTemplate":"https:\/\/lebelapresminuit.com\/?s={search_term_string}"},"query-input":{"@type":"PropertyValueSpecification","valueRequired":true,"valueName":"search_term_string"}}],"inLanguage":"en-US"},{"@type":"Organization","@id":"https:\/\/lebelapresminuit.com\/#organization","name":"Le bel apr\u00e8s-minuit","url":"https:\/\/lebelapresminuit.com\/","logo":{"@type":"ImageObject","inLanguage":"en-US","@id":"https:\/\/lebelapresminuit.com\/#\/schema\/logo\/image\/","url":"https:\/\/lebelapresminuit.com\/wp-content\/uploads\/2025\/06\/le-bel-apres-minuit-logo-couleur.png","contentUrl":"https:\/\/lebelapresminuit.com\/wp-content\/uploads\/2025\/06\/le-bel-apres-minuit-logo-couleur.png","width":695,"height":569,"caption":"Le bel apr\u00e8s-minuit"},"image":{"@id":"https:\/\/lebelapresminuit.com\/#\/schema\/logo\/image\/"}}]}},"_links":{"self":[{"href":"https:\/\/lebelapresminuit.com\/en\/wp-json\/wp\/v2\/pages\/2329","targetHints":{"allow":["GET"]}}],"collection":[{"href":"https:\/\/lebelapresminuit.com\/en\/wp-json\/wp\/v2\/pages"}],"about":[{"href":"https:\/\/lebelapresminuit.com\/en\/wp-json\/wp\/v2\/types\/page"}],"author":[{"embeddable":true,"href":"https:\/\/lebelapresminuit.com\/en\/wp-json\/wp\/v2\/users\/1"}],"replies":[{"embeddable":true,"href":"https:\/\/lebelapresminuit.com\/en\/wp-json\/wp\/v2\/comments?post=2329"}],"version-history":[{"count":10,"href":"https:\/\/lebelapresminuit.com\/en\/wp-json\/wp\/v2\/pages\/2329\/revisions"}],"predecessor-version":[{"id":2944,"href":"https:\/\/lebelapresminuit.com\/en\/wp-json\/wp\/v2\/pages\/2329\/revisions\/2944"}],"wp:attachment":[{"href":"https:\/\/lebelapresminuit.com\/en\/wp-json\/wp\/v2\/media?parent=2329"}],"curies":[{"name":"wp","href":"https:\/\/api.w.org\/{rel}","templated":true}]}}