{"id":2326,"date":"2025-08-31T13:17:15","date_gmt":"2025-08-31T11:17:15","guid":{"rendered":"https:\/\/loicthissedemo3.fr\/archive\/"},"modified":"2025-11-07T10:37:52","modified_gmt":"2025-11-07T09:37:52","slug":"archive","status":"publish","type":"page","link":"https:\/\/lebelapresminuit.com\/en\/archive\/","title":{"rendered":"Archive"},"content":{"rendered":"<div class=\"wpb-content-wrapper\"><p>[vc_row padding_top_multiplier=&#8221;5x&#8221; padding_bottom_multiplier=&#8221;4x&#8221; rc_bg_type=&#8221;image&#8221; rc_bg_image=&#8221;1383&#8243; rc_bg_color_overlay=&#8221;black&#8221; rc_bg_opacity_overlay=&#8221;20&#8243;][vc_column rc_heading_color=&#8221;white&#8221; grve_css=&#8221;{&#8220;desktop&#8220;:{&#8220;padding-top&#8220;:&#8220;60&#8220;,&#8220;padding-bottom&#8220;:&#8220;60&#8220;,&#8220;class&#8220;:&#8220;grve-wpb-1758813731393&#8220;}}&#8221;]<h1 class=\"grve-element grve-title grve-align-center grve-h3\"><span>Archive<\/span><\/h1>[\/vc_column][\/vc_row][vc_row section_type=&#8221;fullwidth&#8221; padding_top_multiplier=&#8221;custom&#8221; padding_top=&#8221;50&#8243;][vc_column rc_heading_color=&#8221;primary-1&#8243; rc_font_color=&#8221;#141416&#8243;]<div data-display-style=\"pagination\" data-spinner=\"no\" data-columns-large-screen=\"4\" data-columns=\"4\" data-columns-tablet-landscape=\"4\" data-columns-tablet-portrait=\"2\" data-columns-mobile=\"1\" data-layout=\"fitRows\" data-gutter-size=\"30\" data-animation=\"none\" data-items-height=\"equal\" class=\"grve-element grve-portfolio grve-isotope grve-with-gap\" id=\"el-1757660080549-9db6aa32-9bca\">\r\n\t<div class=\"grve-isotope-container\">\r\n\t\t<div class=\"grve-grid-sizer\"><\/div>\r\n\t\r\n\t\t<div class=\"post-2233 portfolio type-portfolio status-publish has-post-thumbnail hentry portfolio_category-archive grve-entry-item\">\r\n\t\t\t<div class=\"grve-isotope-item-inner\">\r\n\t\t\t\t<div class=\"grve-hover-item grve-hover-style-1\">\r\n\t<div data-indicator=\"plus\" data-indicator-color=\"primary-1\" class=\"grve-image-hover grve-media\">\r\n\t\t\t\t<a class=\"grve-item-url\" href=\"https:\/\/lebelapresminuit.com\/en\/spectacle\/timide\/\"><span class=\"screen-reader-text\">Timide<\/span><\/a>\r\n\t\t\t\t<div class=\"grve-thumbnail-wrapper\"><div class=\"grve-thumbnail\"  style=\"padding-top: 75%;\"><img loading=\"lazy\" decoding=\"async\" width=\"560\" height=\"420\" src=\"https:\/\/lebelapresminuit.com\/wp-content\/uploads\/2025\/09\/timide-2-560x420.jpg\" class=\"attachment-impeka-grve-small-rect-horizontal size-impeka-grve-small-rect-horizontal\" alt=\"timide-2\" data-column-space=\"100\" data-lazyload=\"\" data-grve-filter=\"yes\" \/><\/div><\/div>\t\t\t\t<div class=\"grve-bg-white grve-hover-overlay grve-opacity-10\"><\/div>\r\n\t\t\t<\/div>\r\n\t\t<div class=\"grve-content\">\r\n\t\t<div class=\"grve-content-inner\">\r\n\t\t\t\t\t<h3 class=\"grve-title grve-h5 grve-text-primary-1\"><span>Timide<\/span><\/h3>\r\n\t\t\t\t\t\t\t<div class=\"grve-description grve-text-default\">Solo performance<br>For ages 3 and up<\/div>\r\n\t\t\t\t\t<\/div>\r\n\t<\/div>\r\n\t<\/div>\r\n\t\t\t<\/div>\r\n\t\t<\/div>\r\n\t\r\n\t\t<div class=\"post-2897 portfolio type-portfolio status-publish has-post-thumbnail hentry portfolio_category-archive grve-entry-item\">\r\n\t\t\t<div class=\"grve-isotope-item-inner\">\r\n\t\t\t\t<div class=\"grve-hover-item grve-hover-style-1\">\r\n\t<div data-indicator=\"plus\" data-indicator-color=\"primary-1\" class=\"grve-image-hover grve-media\">\r\n\t\t\t\t<a class=\"grve-item-url\" href=\"https:\/\/lebelapresminuit.com\/en\/spectacle\/les-vilains-petits\/\"><span class=\"screen-reader-text\">Les vilains petits<\/span><\/a>\r\n\t\t\t\t<div class=\"grve-thumbnail-wrapper\"><div class=\"grve-thumbnail\"  style=\"padding-top: 75%;\"><img loading=\"lazy\" decoding=\"async\" width=\"560\" height=\"420\" src=\"https:\/\/lebelapresminuit.com\/wp-content\/uploads\/2025\/09\/vilainspetits_MG_7438-1024x644-1-560x420.jpg\" class=\"attachment-impeka-grve-small-rect-horizontal size-impeka-grve-small-rect-horizontal\" alt=\"vilainspetits_MG_7438-1024x644\" data-column-space=\"100\" data-lazyload=\"\" data-grve-filter=\"yes\" \/><\/div><\/div>\t\t\t\t<div class=\"grve-bg-white grve-hover-overlay grve-opacity-10\"><\/div>\r\n\t\t\t<\/div>\r\n\t\t<div class=\"grve-content\">\r\n\t\t<div class=\"grve-content-inner\">\r\n\t\t\t\t\t<h3 class=\"grve-title grve-h5 grve-text-primary-1\"><span>Les vilains petits<\/span><\/h3>\r\n\t\t\t\t\t\t\t<div class=\"grve-description grve-text-default\">Theater<br>8 years and up<\/div>\r\n\t\t\t\t\t<\/div>\r\n\t<\/div>\r\n\t<\/div>\r\n\t\t\t<\/div>\r\n\t\t<\/div>\r\n\t\r\n\t\t<div class=\"post-2252 portfolio type-portfolio status-publish has-post-thumbnail hentry portfolio_category-archive grve-entry-item\">\r\n\t\t\t<div class=\"grve-isotope-item-inner\">\r\n\t\t\t\t<div class=\"grve-hover-item grve-hover-style-1\">\r\n\t<div data-indicator=\"plus\" data-indicator-color=\"primary-1\" class=\"grve-image-hover grve-media\">\r\n\t\t\t\t<a class=\"grve-item-url\" href=\"https:\/\/lebelapresminuit.com\/en\/spectacle\/loeuf-et-la-poule\/\"><span class=\"screen-reader-text\">L&#8217;oeuf et la poule<\/span><\/a>\r\n\t\t\t\t<div class=\"grve-thumbnail-wrapper\"><div class=\"grve-thumbnail\"  style=\"padding-top: 75%;\"><img loading=\"lazy\" decoding=\"async\" width=\"560\" height=\"420\" src=\"https:\/\/lebelapresminuit.com\/wp-content\/uploads\/2025\/09\/oeuf-et-poule-4-560x420.jpg\" class=\"attachment-impeka-grve-small-rect-horizontal size-impeka-grve-small-rect-horizontal\" alt=\"oeuf-et-poule-4\" data-column-space=\"100\" data-lazyload=\"\" data-grve-filter=\"yes\" srcset=\"https:\/\/lebelapresminuit.com\/wp-content\/uploads\/2025\/09\/oeuf-et-poule-4-560x420.jpg 560w, https:\/\/lebelapresminuit.com\/wp-content\/uploads\/2025\/09\/oeuf-et-poule-4-900x675.jpg 900w\" sizes=\"auto, (max-width: 560px) 100vw, 560px\" \/><\/div><\/div>\t\t\t\t<div class=\"grve-bg-white grve-hover-overlay grve-opacity-10\"><\/div>\r\n\t\t\t<\/div>\r\n\t\t<div class=\"grve-content\">\r\n\t\t<div class=\"grve-content-inner\">\r\n\t\t\t\t\t<h3 class=\"grve-title grve-h5 grve-text-primary-1\"><span>L&#8217;oeuf et la poule<\/span><\/h3>\r\n\t\t\t\t\t\t\t<div class=\"grve-description grve-text-default\">Storytelling and image theater<br>5 years and up<\/div>\r\n\t\t\t\t\t<\/div>\r\n\t<\/div>\r\n\t<\/div>\r\n\t\t\t<\/div>\r\n\t\t<\/div>\r\n\t<\/div>\r\n<\/div>\r\n[\/vc_column][\/vc_row]<\/p>\n<\/div>","protected":false},"excerpt":{"rendered":"<p>[vc_row padding_top_multiplier=&#8221;5x&#8221; padding_bottom_multiplier=&#8221;4x&#8221; rc_bg_type=&#8221;image&#8221; rc_bg_image=&#8221;1383&#8243; rc_bg_color_overlay=&#8221;black&#8221; rc_bg_opacity_overlay=&#8221;20&#8243;][vc_column rc_heading_color=&#8221;white&#8221; grve_css=&#8221;{&#8220;desktop&#8220;:{&#8220;padding-top&#8220;:&#8220;60&#8220;,&#8220;padding-bottom&#8220;:&#8220;60&#8220;,&#8220;class&#8220;:&#8220;grve-wpb-1758813731393&#8220;}}&#8221;][\/vc_column][\/vc_row][vc_row section_type=&#8221;fullwidth&#8221; padding_top_multiplier=&#8221;custom&#8221; padding_top=&#8221;50&#8243;][vc_column rc_heading_color=&#8221;primary-1&#8243; rc_font_color=&#8221;#141416&#8243;][\/vc_column][\/vc_row]<\/p>\n","protected":false},"author":1,"featured_media":2236,"parent":0,"menu_order":0,"comment_status":"closed","ping_status":"closed","template":"","meta":{"footnotes":""},"class_list":["post-2326","page","type-page","status-publish","has-post-thumbnail","hentry","grve-entry-item"],"yoast_head":"<!-- This site is optimized with the Yoast SEO plugin v26.9 - https:\/\/yoast.com\/product\/yoast-seo-wordpress\/ -->\n<title>Archive - Le bel apr\u00e8s-minuit<\/title>\n<meta name=\"description\" content=\"Archived shows\" \/>\n<meta name=\"robots\" content=\"index, follow, max-snippet:-1, max-image-preview:large, max-video-preview:-1\" \/>\n<link rel=\"canonical\" href=\"https:\/\/lebelapresminuit.com\/en\/archive\/\" \/>\n<meta property=\"og:locale\" content=\"en_US\" \/>\n<meta property=\"og:type\" content=\"article\" \/>\n<meta property=\"og:title\" content=\"Archive - Le bel apr\u00e8s-minuit\" \/>\n<meta property=\"og:description\" content=\"Archived shows\" \/>\n<meta property=\"og:url\" content=\"https:\/\/lebelapresminuit.com\/en\/archive\/\" \/>\n<meta property=\"og:site_name\" content=\"Le bel apr\u00e8s-minuit\" \/>\n<meta property=\"article:modified_time\" content=\"2025-11-07T09:37:52+00:00\" \/>\n<meta property=\"og:image\" content=\"https:\/\/lebelapresminuit.com\/wp-content\/uploads\/2025\/09\/en-aparte-1.jpg\" \/>\n\t<meta property=\"og:image:width\" content=\"1024\" \/>\n\t<meta property=\"og:image:height\" content=\"683\" \/>\n\t<meta property=\"og:image:type\" content=\"image\/jpeg\" \/>\n<meta name=\"twitter:card\" content=\"summary_large_image\" \/>\n<meta name=\"twitter:label1\" content=\"Est. reading time\" \/>\n\t<meta name=\"twitter:data1\" content=\"1 minute\" \/>\n<script type=\"application\/ld+json\" class=\"yoast-schema-graph\">{\"@context\":\"https:\/\/schema.org\",\"@graph\":[{\"@type\":\"WebPage\",\"@id\":\"https:\/\/lebelapresminuit.com\/en\/archive\/\",\"url\":\"https:\/\/lebelapresminuit.com\/en\/archive\/\",\"name\":\"Archive - Le bel apr\u00e8s-minuit\",\"isPartOf\":{\"@id\":\"https:\/\/lebelapresminuit.com\/#website\"},\"primaryImageOfPage\":{\"@id\":\"https:\/\/lebelapresminuit.com\/en\/archive\/#primaryimage\"},\"image\":{\"@id\":\"https:\/\/lebelapresminuit.com\/en\/archive\/#primaryimage\"},\"thumbnailUrl\":\"https:\/\/lebelapresminuit.com\/wp-content\/uploads\/2025\/09\/en-aparte-1.jpg\",\"datePublished\":\"2025-08-31T11:17:15+00:00\",\"dateModified\":\"2025-11-07T09:37:52+00:00\",\"description\":\"Archived shows\",\"breadcrumb\":{\"@id\":\"https:\/\/lebelapresminuit.com\/en\/archive\/#breadcrumb\"},\"inLanguage\":\"en-US\",\"potentialAction\":[{\"@type\":\"ReadAction\",\"target\":[\"https:\/\/lebelapresminuit.com\/en\/archive\/\"]}]},{\"@type\":\"ImageObject\",\"inLanguage\":\"en-US\",\"@id\":\"https:\/\/lebelapresminuit.com\/en\/archive\/#primaryimage\",\"url\":\"https:\/\/lebelapresminuit.com\/wp-content\/uploads\/2025\/09\/en-aparte-1.jpg\",\"contentUrl\":\"https:\/\/lebelapresminuit.com\/wp-content\/uploads\/2025\/09\/en-aparte-1.jpg\",\"width\":1024,\"height\":683},{\"@type\":\"BreadcrumbList\",\"@id\":\"https:\/\/lebelapresminuit.com\/en\/archive\/#breadcrumb\",\"itemListElement\":[{\"@type\":\"ListItem\",\"position\":1,\"name\":\"Accueil\",\"item\":\"https:\/\/lebelapresminuit.com\/en\/home\/\"},{\"@type\":\"ListItem\",\"position\":2,\"name\":\"Archive\"}]},{\"@type\":\"WebSite\",\"@id\":\"https:\/\/lebelapresminuit.com\/#website\",\"url\":\"https:\/\/lebelapresminuit.com\/\",\"name\":\"Le bel apr\u00e8s-minuit\",\"description\":\"Compagnie de th\u00e9\u00e2tre jeune public\",\"publisher\":{\"@id\":\"https:\/\/lebelapresminuit.com\/#organization\"},\"potentialAction\":[{\"@type\":\"SearchAction\",\"target\":{\"@type\":\"EntryPoint\",\"urlTemplate\":\"https:\/\/lebelapresminuit.com\/?s={search_term_string}\"},\"query-input\":{\"@type\":\"PropertyValueSpecification\",\"valueRequired\":true,\"valueName\":\"search_term_string\"}}],\"inLanguage\":\"en-US\"},{\"@type\":\"Organization\",\"@id\":\"https:\/\/lebelapresminuit.com\/#organization\",\"name\":\"Le bel apr\u00e8s-minuit\",\"url\":\"https:\/\/lebelapresminuit.com\/\",\"logo\":{\"@type\":\"ImageObject\",\"inLanguage\":\"en-US\",\"@id\":\"https:\/\/lebelapresminuit.com\/#\/schema\/logo\/image\/\",\"url\":\"https:\/\/lebelapresminuit.com\/wp-content\/uploads\/2025\/06\/le-bel-apres-minuit-logo-couleur.png\",\"contentUrl\":\"https:\/\/lebelapresminuit.com\/wp-content\/uploads\/2025\/06\/le-bel-apres-minuit-logo-couleur.png\",\"width\":695,\"height\":569,\"caption\":\"Le bel apr\u00e8s-minuit\"},\"image\":{\"@id\":\"https:\/\/lebelapresminuit.com\/#\/schema\/logo\/image\/\"}}]}<\/script>\n<!-- \/ Yoast SEO plugin. -->","yoast_head_json":{"title":"Archive - Le bel apr\u00e8s-minuit","description":"Archived shows","robots":{"index":"index","follow":"follow","max-snippet":"max-snippet:-1","max-image-preview":"max-image-preview:large","max-video-preview":"max-video-preview:-1"},"canonical":"https:\/\/lebelapresminuit.com\/en\/archive\/","og_locale":"en_US","og_type":"article","og_title":"Archive - Le bel apr\u00e8s-minuit","og_description":"Archived shows","og_url":"https:\/\/lebelapresminuit.com\/en\/archive\/","og_site_name":"Le bel apr\u00e8s-minuit","article_modified_time":"2025-11-07T09:37:52+00:00","og_image":[{"width":1024,"height":683,"url":"https:\/\/lebelapresminuit.com\/wp-content\/uploads\/2025\/09\/en-aparte-1.jpg","type":"image\/jpeg"}],"twitter_card":"summary_large_image","twitter_misc":{"Est. reading time":"1 minute"},"schema":{"@context":"https:\/\/schema.org","@graph":[{"@type":"WebPage","@id":"https:\/\/lebelapresminuit.com\/en\/archive\/","url":"https:\/\/lebelapresminuit.com\/en\/archive\/","name":"Archive - Le bel apr\u00e8s-minuit","isPartOf":{"@id":"https:\/\/lebelapresminuit.com\/#website"},"primaryImageOfPage":{"@id":"https:\/\/lebelapresminuit.com\/en\/archive\/#primaryimage"},"image":{"@id":"https:\/\/lebelapresminuit.com\/en\/archive\/#primaryimage"},"thumbnailUrl":"https:\/\/lebelapresminuit.com\/wp-content\/uploads\/2025\/09\/en-aparte-1.jpg","datePublished":"2025-08-31T11:17:15+00:00","dateModified":"2025-11-07T09:37:52+00:00","description":"Archived shows","breadcrumb":{"@id":"https:\/\/lebelapresminuit.com\/en\/archive\/#breadcrumb"},"inLanguage":"en-US","potentialAction":[{"@type":"ReadAction","target":["https:\/\/lebelapresminuit.com\/en\/archive\/"]}]},{"@type":"ImageObject","inLanguage":"en-US","@id":"https:\/\/lebelapresminuit.com\/en\/archive\/#primaryimage","url":"https:\/\/lebelapresminuit.com\/wp-content\/uploads\/2025\/09\/en-aparte-1.jpg","contentUrl":"https:\/\/lebelapresminuit.com\/wp-content\/uploads\/2025\/09\/en-aparte-1.jpg","width":1024,"height":683},{"@type":"BreadcrumbList","@id":"https:\/\/lebelapresminuit.com\/en\/archive\/#breadcrumb","itemListElement":[{"@type":"ListItem","position":1,"name":"Accueil","item":"https:\/\/lebelapresminuit.com\/en\/home\/"},{"@type":"ListItem","position":2,"name":"Archive"}]},{"@type":"WebSite","@id":"https:\/\/lebelapresminuit.com\/#website","url":"https:\/\/lebelapresminuit.com\/","name":"Le bel apr\u00e8s-minuit","description":"Compagnie de th\u00e9\u00e2tre jeune public","publisher":{"@id":"https:\/\/lebelapresminuit.com\/#organization"},"potentialAction":[{"@type":"SearchAction","target":{"@type":"EntryPoint","urlTemplate":"https:\/\/lebelapresminuit.com\/?s={search_term_string}"},"query-input":{"@type":"PropertyValueSpecification","valueRequired":true,"valueName":"search_term_string"}}],"inLanguage":"en-US"},{"@type":"Organization","@id":"https:\/\/lebelapresminuit.com\/#organization","name":"Le bel apr\u00e8s-minuit","url":"https:\/\/lebelapresminuit.com\/","logo":{"@type":"ImageObject","inLanguage":"en-US","@id":"https:\/\/lebelapresminuit.com\/#\/schema\/logo\/image\/","url":"https:\/\/lebelapresminuit.com\/wp-content\/uploads\/2025\/06\/le-bel-apres-minuit-logo-couleur.png","contentUrl":"https:\/\/lebelapresminuit.com\/wp-content\/uploads\/2025\/06\/le-bel-apres-minuit-logo-couleur.png","width":695,"height":569,"caption":"Le bel apr\u00e8s-minuit"},"image":{"@id":"https:\/\/lebelapresminuit.com\/#\/schema\/logo\/image\/"}}]}},"_links":{"self":[{"href":"https:\/\/lebelapresminuit.com\/en\/wp-json\/wp\/v2\/pages\/2326","targetHints":{"allow":["GET"]}}],"collection":[{"href":"https:\/\/lebelapresminuit.com\/en\/wp-json\/wp\/v2\/pages"}],"about":[{"href":"https:\/\/lebelapresminuit.com\/en\/wp-json\/wp\/v2\/types\/page"}],"author":[{"embeddable":true,"href":"https:\/\/lebelapresminuit.com\/en\/wp-json\/wp\/v2\/users\/1"}],"replies":[{"embeddable":true,"href":"https:\/\/lebelapresminuit.com\/en\/wp-json\/wp\/v2\/comments?post=2326"}],"version-history":[{"count":1,"href":"https:\/\/lebelapresminuit.com\/en\/wp-json\/wp\/v2\/pages\/2326\/revisions"}],"predecessor-version":[{"id":2327,"href":"https:\/\/lebelapresminuit.com\/en\/wp-json\/wp\/v2\/pages\/2326\/revisions\/2327"}],"wp:featuredmedia":[{"embeddable":true,"href":"https:\/\/lebelapresminuit.com\/en\/wp-json\/wp\/v2\/media\/2236"}],"wp:attachment":[{"href":"https:\/\/lebelapresminuit.com\/en\/wp-json\/wp\/v2\/media?parent=2326"}],"curies":[{"name":"wp","href":"https:\/\/api.w.org\/{rel}","templated":true}]}}