{"id":2298,"date":"2025-09-18T11:17:18","date_gmt":"2025-09-18T09:17:18","guid":{"rendered":"https:\/\/loicthissedemo3.fr\/agenda-lombre-de-tom\/"},"modified":"2025-11-07T10:24:50","modified_gmt":"2025-11-07T09:24:50","slug":"agenda-lombre-de-tom","status":"publish","type":"page","link":"https:\/\/lebelapresminuit.com\/en\/agenda-lombre-de-tom\/","title":{"rendered":"Agenda L&#8217;ombre de Tom"},"content":{"rendered":"<div class=\"wpb-content-wrapper\"><p>[vc_row padding_top_multiplier=&#8221;5x&#8221; padding_bottom_multiplier=&#8221;4x&#8221; rc_bg_type=&#8221;image&#8221; rc_bg_image=&#8221;158&#8243; rc_bg_color_overlay=&#8221;black&#8221; rc_bg_opacity_overlay=&#8221;20&#8243;][vc_column text_align=&#8221;center&#8221; rc_heading_color=&#8221;white&#8221; rc_link_color=&#8221;white&#8221; rc_link_hover_color=&#8221;primary-1&#8243; grve_css=&#8221;{&#8220;desktop&#8220;:{&#8220;padding-top&#8220;:&#8220;60&#8220;,&#8220;padding-bottom&#8220;:&#8220;60&#8220;,&#8220;class&#8220;:&#8220;grve-wpb-1758868296164&#8220;}}&#8221; rc_font_color=&#8221;#FFFFFF&#8221;]<h1 class=\"grve-element grve-title grve-align-inherit grve-subtitle-text\"><span><span style=\"text-decoration: underline;\"><a href=\"https:\/\/lebelapresminuit.com\/en\/agenda\/\">Agenda<\/a><\/span><\/span><\/h1><h4 class=\"grve-element grve-title grve-align-inherit grve-h4\"><span>L&#8217;ombre de Tom<\/span><\/h4>[\/vc_column][\/vc_row][vc_row section_type=&#8221;fullwidth&#8221; columns_gap=&#8221;30&#8243;][vc_column][vc_tta_tabs active_section=&#8221;1&#8243;][vc_tta_section title=&#8221;Upcoming&#8221; tab_id=&#8221;1758264990687-8d9ec7a9-a625&#8243;][vc_column_text css=&#8221;&#8221;]<div id=\"vsel\" class=\"vsel-shortcode vsel-shortcode-upcoming-events\"><p class=\"vsel-no-events\">Aucune date pour l&#039;instant<\/p><\/div>[\/vc_column_text][\/vc_tta_section][vc_tta_section title=&#8221;Past dates&#8221; tab_id=&#8221;1758264990714-0bbdc38a-95c4&#8243;][vc_column_text css=&#8221;&#8221;]<div id=\"vsel\" class=\"vsel-shortcode vsel-shortcode-past-events\"><div id=\"event-2997\" class=\"vsel-content lombre-de-tom saison-2025-2026 vsel-past\"><div class=\"vsel-meta vsel-alignleft\" style=\"width:20%;\"><div class=\"vsel-meta-date vsel-meta-single-date\"><span>14 February 2026<\/span><\/div><\/div><div class=\"vsel-info vsel-alignright\" style=\"width:76%;\"><div class=\"vsel-text\"><div class=\"wpb-content-wrapper\"><p>[vc_row padding_top_multiplier=&#8221;&#8221; padding_bottom_multiplier=&#8221;&#8221; rc_link_hover_color=&#8221;primary-1&#8243; mobile_columns_vertical_gap=&#8221;none&#8221; rc_font_color=&#8221;#000000&#8243;][vc_column]<h4 class=\"grve-element grve-title grve-align-inherit grve-h4\"><span>L&#8217;ombre de Tom<\/span><\/h4>[vc_column_text css=&#8221;&#8221;]Institut Fran\u00e7ais du Maroc \u00e0 Marrakech, 15h (tout public)[\/vc_column_text][\/vc_column][\/vc_row]<\/p>\n<\/div><\/div><\/div><\/div><div id=\"event-3003\" class=\"vsel-content lombre-de-tom saison-2025-2026 vsel-past\"><div class=\"vsel-meta vsel-alignleft\" style=\"width:20%;\"><div class=\"vsel-meta-date vsel-meta-single-date\"><span>13 February 2026<\/span><\/div><\/div><div class=\"vsel-info vsel-alignright\" style=\"width:76%;\"><div class=\"vsel-text\"><div class=\"wpb-content-wrapper\"><p>[vc_row padding_top_multiplier=&#8221;&#8221; padding_bottom_multiplier=&#8221;&#8221; rc_link_hover_color=&#8221;primary-1&#8243; mobile_columns_vertical_gap=&#8221;none&#8221; rc_font_color=&#8221;#000000&#8243;][vc_column]<h4 class=\"grve-element grve-title grve-align-inherit grve-h4\"><span>L&#8217;ombre de Tom<\/span><\/h4>[vc_column_text css=&#8221;&#8221;]Institut Fran\u00e7ais du Maroc \u00e0 Marrakech, 14h30 (scolaire)[\/vc_column_text][\/vc_column][\/vc_row]<\/p>\n<\/div><\/div><\/div><\/div><div id=\"event-3002\" class=\"vsel-content lombre-de-tom saison-2025-2026 vsel-past\"><div class=\"vsel-meta vsel-alignleft\" style=\"width:20%;\"><div class=\"vsel-meta-date vsel-meta-single-date\"><span>11 February 2026<\/span><\/div><\/div><div class=\"vsel-info vsel-alignright\" style=\"width:76%;\"><div class=\"vsel-text\"><div class=\"wpb-content-wrapper\"><p>[vc_row padding_top_multiplier=&#8221;&#8221; padding_bottom_multiplier=&#8221;&#8221; rc_link_hover_color=&#8221;primary-1&#8243; mobile_columns_vertical_gap=&#8221;none&#8221; rc_font_color=&#8221;#000000&#8243;][vc_column]<h4 class=\"grve-element grve-title grve-align-inherit grve-h4\"><span>L&#8217;ombre de Tom<\/span><\/h4>[vc_column_text css=&#8221;&#8221;]Institut Fran\u00e7ais du Maroc \u00e0 Casablanca, 16h (tout public)[\/vc_column_text][\/vc_column][\/vc_row]<\/p>\n<\/div><\/div><\/div><\/div><div id=\"event-2996\" class=\"vsel-content lombre-de-tom saison-2025-2026 vsel-past\"><div class=\"vsel-meta vsel-alignleft\" style=\"width:20%;\"><div class=\"vsel-meta-date vsel-meta-single-date\"><span>11 February 2026<\/span><\/div><\/div><div class=\"vsel-info vsel-alignright\" style=\"width:76%;\"><div class=\"vsel-text\"><div class=\"wpb-content-wrapper\"><p>[vc_row padding_top_multiplier=&#8221;&#8221; padding_bottom_multiplier=&#8221;&#8221; rc_link_hover_color=&#8221;primary-1&#8243; mobile_columns_vertical_gap=&#8221;none&#8221; rc_font_color=&#8221;#000000&#8243;][vc_column]<h4 class=\"grve-element grve-title grve-align-inherit grve-h4\"><span>L&#8217;ombre de Tom<\/span><\/h4>[vc_column_text css=&#8221;&#8221;]Institut Fran\u00e7ais du Maroc \u00e0 Casablanca, 10h (scolaire)[\/vc_column_text][\/vc_column][\/vc_row]<\/p>\n<\/div><\/div><\/div><\/div><div id=\"event-3000\" class=\"vsel-content lombre-de-tom saison-2025-2026 vsel-past\"><div class=\"vsel-meta vsel-alignleft\" style=\"width:20%;\"><div class=\"vsel-meta-date vsel-meta-single-date\"><span>9 February 2026<\/span><\/div><\/div><div class=\"vsel-info vsel-alignright\" style=\"width:76%;\"><div class=\"vsel-text\"><div class=\"wpb-content-wrapper\"><p>[vc_row padding_top_multiplier=&#8221;&#8221; padding_bottom_multiplier=&#8221;&#8221; rc_link_hover_color=&#8221;primary-1&#8243; mobile_columns_vertical_gap=&#8221;none&#8221; rc_font_color=&#8221;#000000&#8243;][vc_column]<h4 class=\"grve-element grve-title grve-align-inherit grve-h4\"><span>L&#8217;ombre de Tom<\/span><\/h4>[vc_column_text css=&#8221;&#8221;]Institut Fran\u00e7ais du Maroc \u00e0 Tanger, 10h30 (scolaire)[\/vc_column_text][\/vc_column][\/vc_row]<\/p>\n<\/div><\/div><\/div><\/div><div id=\"event-2994\" class=\"vsel-content lombre-de-tom saison-2025-2026 vsel-past\"><div class=\"vsel-meta vsel-alignleft\" style=\"width:20%;\"><div class=\"vsel-meta-date vsel-meta-single-date\"><span>7 February 2026<\/span><\/div><\/div><div class=\"vsel-info vsel-alignright\" style=\"width:76%;\"><div class=\"vsel-text\"><div class=\"wpb-content-wrapper\"><p>[vc_row padding_top_multiplier=&#8221;&#8221; padding_bottom_multiplier=&#8221;&#8221; rc_link_hover_color=&#8221;primary-1&#8243; mobile_columns_vertical_gap=&#8221;none&#8221; rc_font_color=&#8221;#000000&#8243;][vc_column]<h4 class=\"grve-element grve-title grve-align-inherit grve-h4\"><span>L&#8217;ombre de Tom<\/span><\/h4>[vc_column_text css=&#8221;&#8221;]Institut Fran\u00e7ais du Maroc \u00e0 Tanger, 11h (tout public)[\/vc_column_text][\/vc_column][\/vc_row]<\/p>\n<\/div><\/div><\/div><\/div><div id=\"event-1215\" class=\"vsel-content lombre-de-tom saison-2025-2026 vsel-past\"><div class=\"vsel-meta vsel-alignleft\" style=\"width:20%;\"><div class=\"vsel-meta-date vsel-meta-single-date\"><span>10 January 2026<\/span><\/div><\/div><div class=\"vsel-info vsel-alignright\" style=\"width:76%;\"><div class=\"vsel-text\"><div class=\"wpb-content-wrapper\"><p>[vc_row padding_top_multiplier=&#8221;&#8221; padding_bottom_multiplier=&#8221;&#8221; rc_link_hover_color=&#8221;primary-1&#8243; mobile_columns_vertical_gap=&#8221;none&#8221; rc_font_color=&#8221;#000000&#8243;][vc_column]<h4 class=\"grve-element grve-title grve-align-inherit grve-h4\"><span>L&#8217;ombre de Tom<\/span><\/h4>[vc_column_text css=&#8221;&#8221;]La Barbacane, Beynes (78), 11h (tout public)<br \/>\n<a href=\"https:\/\/labarbacane.fr\/spectacles\/calendrier\/l-ombre-de-tom\/\" target=\"_blank\" rel=\"noopener\"><span style=\"text-decoration: underline;\">Billetterie<\/span><\/a>[\/vc_column_text][\/vc_column][\/vc_row]<\/p>\n<\/div><\/div><\/div><\/div><div id=\"event-1214\" class=\"vsel-content lombre-de-tom saison-2025-2026 vsel-past\"><div class=\"vsel-meta vsel-alignleft\" style=\"width:20%;\"><div class=\"vsel-meta-date vsel-meta-single-date\"><span>9 January 2026<\/span><\/div><\/div><div class=\"vsel-info vsel-alignright\" style=\"width:76%;\"><div class=\"vsel-text\"><div class=\"wpb-content-wrapper\"><p>[vc_row padding_top_multiplier=&#8221;&#8221; padding_bottom_multiplier=&#8221;&#8221; rc_link_hover_color=&#8221;primary-1&#8243; mobile_columns_vertical_gap=&#8221;none&#8221; rc_font_color=&#8221;#000000&#8243;][vc_column]<h4 class=\"grve-element grve-title grve-align-inherit grve-h4\"><span>L&#8217;ombre de Tom<\/span><\/h4>[vc_column_text css=&#8221;&#8221;]La Barbacane, Beynes (78), 10h (scolaire)[\/vc_column_text][\/vc_column][\/vc_row]<\/p>\n<\/div><\/div><\/div><\/div><div id=\"event-379\" class=\"vsel-content lombre-de-tom saison-2024-2025 vsel-past\"><div class=\"vsel-meta vsel-alignleft\" style=\"width:20%;\"><div class=\"vsel-meta-date vsel-meta-single-date\"><span>18 October 2024<\/span><\/div><\/div><div class=\"vsel-info vsel-alignright\" style=\"width:76%;\"><div class=\"vsel-text\"><div class=\"wpb-content-wrapper\"><p>[vc_row padding_top_multiplier=&#8221;&#8221; padding_bottom_multiplier=&#8221;&#8221; rc_link_hover_color=&#8221;primary-1&#8243; mobile_columns_vertical_gap=&#8221;none&#8221; rc_font_color=&#8221;#000000&#8243;][vc_column]<h4 class=\"grve-element grve-title grve-align-inherit grve-h4\"><span>L&#8217;Ombre de Tom<\/span><\/h4>[vc_column_text css=&#8221;&#8221;]Les 3 Colombiers, Port-J\u00e9r\u00f4me-sur-Seine (76), 3 repr\u00e9sentations[\/vc_column_text][\/vc_column][\/vc_row]<\/p>\n<\/div><\/div><\/div><\/div><div class=\"vsel-nav-numeric\"><\/div><\/div>[\/vc_column_text][\/vc_tta_section][\/vc_tta_tabs][\/vc_column][\/vc_row]<\/p>\n<\/div>","protected":false},"excerpt":{"rendered":"<p>[vc_row padding_top_multiplier=&#8221;5x&#8221; padding_bottom_multiplier=&#8221;4x&#8221; rc_bg_type=&#8221;image&#8221; rc_bg_image=&#8221;158&#8243; rc_bg_color_overlay=&#8221;black&#8221; rc_bg_opacity_overlay=&#8221;20&#8243;][vc_column text_align=&#8221;center&#8221; rc_heading_color=&#8221;white&#8221; rc_link_color=&#8221;white&#8221; rc_link_hover_color=&#8221;primary-1&#8243; grve_css=&#8221;{&#8220;desktop&#8220;:{&#8220;padding-top&#8220;:&#8220;60&#8220;,&#8220;padding-bottom&#8220;:&#8220;60&#8220;,&#8220;class&#8220;:&#8220;grve-wpb-1758868296164&#8220;}}&#8221; rc_font_color=&#8221;#FFFFFF&#8221;][\/vc_column][\/vc_row][vc_row section_type=&#8221;fullwidth&#8221; columns_gap=&#8221;30&#8243;][vc_column][vc_tta_tabs active_section=&#8221;1&#8243;][vc_tta_section title=&#8221;Upcoming&#8221; tab_id=&#8221;1758264990687-8d9ec7a9-a625&#8243;][vc_column_text css=&#8221;&#8221;][\/vc_column_text][\/vc_tta_section][vc_tta_section title=&#8221;Past dates&#8221; tab_id=&#8221;1758264990714-0bbdc38a-95c4&#8243;][vc_column_text css=&#8221;&#8221;][\/vc_column_text][\/vc_tta_section][\/vc_tta_tabs][\/vc_column][\/vc_row]<\/p>\n","protected":false},"author":1,"featured_media":0,"parent":0,"menu_order":0,"comment_status":"closed","ping_status":"closed","template":"","meta":{"footnotes":""},"class_list":["post-2298","page","type-page","status-publish","hentry","grve-entry-item"],"yoast_head":"<!-- This site is optimized with the Yoast SEO plugin v26.9 - https:\/\/yoast.com\/product\/yoast-seo-wordpress\/ -->\n<title>Agenda L&#039;ombre de Tom - Le bel apr\u00e8s-minuit<\/title>\n<meta name=\"description\" content=\"All dates for L&#039;ombre de Tom\" \/>\n<meta name=\"robots\" content=\"index, follow, max-snippet:-1, max-image-preview:large, max-video-preview:-1\" \/>\n<link rel=\"canonical\" href=\"https:\/\/lebelapresminuit.com\/en\/agenda-lombre-de-tom\/\" \/>\n<meta property=\"og:locale\" content=\"en_US\" \/>\n<meta property=\"og:type\" content=\"article\" \/>\n<meta property=\"og:title\" content=\"Agenda L&#039;ombre de Tom - Le bel apr\u00e8s-minuit\" \/>\n<meta property=\"og:description\" content=\"All dates for L&#039;ombre de Tom\" \/>\n<meta property=\"og:url\" content=\"https:\/\/lebelapresminuit.com\/en\/agenda-lombre-de-tom\/\" \/>\n<meta property=\"og:site_name\" content=\"Le bel apr\u00e8s-minuit\" \/>\n<meta property=\"article:modified_time\" content=\"2025-11-07T09:24:50+00:00\" \/>\n<meta property=\"og:image\" content=\"https:\/\/lebelapresminuit.com\/wp-content\/uploads\/2025\/09\/les-abimes-2.jpg\" \/>\n\t<meta property=\"og:image:width\" content=\"1280\" \/>\n\t<meta property=\"og:image:height\" content=\"720\" \/>\n\t<meta property=\"og:image:type\" content=\"image\/jpeg\" \/>\n<meta name=\"twitter:card\" content=\"summary_large_image\" \/>\n<meta name=\"twitter:label1\" content=\"Est. reading time\" \/>\n\t<meta name=\"twitter:data1\" content=\"1 minute\" \/>\n<script type=\"application\/ld+json\" class=\"yoast-schema-graph\">{\"@context\":\"https:\/\/schema.org\",\"@graph\":[{\"@type\":\"WebPage\",\"@id\":\"https:\/\/lebelapresminuit.com\/en\/agenda-lombre-de-tom\/\",\"url\":\"https:\/\/lebelapresminuit.com\/en\/agenda-lombre-de-tom\/\",\"name\":\"Agenda L'ombre de Tom - Le bel apr\u00e8s-minuit\",\"isPartOf\":{\"@id\":\"https:\/\/lebelapresminuit.com\/#website\"},\"datePublished\":\"2025-09-18T09:17:18+00:00\",\"dateModified\":\"2025-11-07T09:24:50+00:00\",\"description\":\"All dates for L'ombre de Tom\",\"breadcrumb\":{\"@id\":\"https:\/\/lebelapresminuit.com\/en\/agenda-lombre-de-tom\/#breadcrumb\"},\"inLanguage\":\"en-US\",\"potentialAction\":[{\"@type\":\"ReadAction\",\"target\":[\"https:\/\/lebelapresminuit.com\/en\/agenda-lombre-de-tom\/\"]}]},{\"@type\":\"BreadcrumbList\",\"@id\":\"https:\/\/lebelapresminuit.com\/en\/agenda-lombre-de-tom\/#breadcrumb\",\"itemListElement\":[{\"@type\":\"ListItem\",\"position\":1,\"name\":\"Accueil\",\"item\":\"https:\/\/lebelapresminuit.com\/en\/home\/\"},{\"@type\":\"ListItem\",\"position\":2,\"name\":\"Agenda L&#8217;ombre de Tom\"}]},{\"@type\":\"WebSite\",\"@id\":\"https:\/\/lebelapresminuit.com\/#website\",\"url\":\"https:\/\/lebelapresminuit.com\/\",\"name\":\"Le bel apr\u00e8s-minuit\",\"description\":\"Compagnie de th\u00e9\u00e2tre jeune public\",\"publisher\":{\"@id\":\"https:\/\/lebelapresminuit.com\/#organization\"},\"potentialAction\":[{\"@type\":\"SearchAction\",\"target\":{\"@type\":\"EntryPoint\",\"urlTemplate\":\"https:\/\/lebelapresminuit.com\/?s={search_term_string}\"},\"query-input\":{\"@type\":\"PropertyValueSpecification\",\"valueRequired\":true,\"valueName\":\"search_term_string\"}}],\"inLanguage\":\"en-US\"},{\"@type\":\"Organization\",\"@id\":\"https:\/\/lebelapresminuit.com\/#organization\",\"name\":\"Le bel apr\u00e8s-minuit\",\"url\":\"https:\/\/lebelapresminuit.com\/\",\"logo\":{\"@type\":\"ImageObject\",\"inLanguage\":\"en-US\",\"@id\":\"https:\/\/lebelapresminuit.com\/#\/schema\/logo\/image\/\",\"url\":\"https:\/\/lebelapresminuit.com\/wp-content\/uploads\/2025\/06\/le-bel-apres-minuit-logo-couleur.png\",\"contentUrl\":\"https:\/\/lebelapresminuit.com\/wp-content\/uploads\/2025\/06\/le-bel-apres-minuit-logo-couleur.png\",\"width\":695,\"height\":569,\"caption\":\"Le bel apr\u00e8s-minuit\"},\"image\":{\"@id\":\"https:\/\/lebelapresminuit.com\/#\/schema\/logo\/image\/\"}}]}<\/script>\n<!-- \/ Yoast SEO plugin. -->","yoast_head_json":{"title":"Agenda L'ombre de Tom - Le bel apr\u00e8s-minuit","description":"All dates for L'ombre de Tom","robots":{"index":"index","follow":"follow","max-snippet":"max-snippet:-1","max-image-preview":"max-image-preview:large","max-video-preview":"max-video-preview:-1"},"canonical":"https:\/\/lebelapresminuit.com\/en\/agenda-lombre-de-tom\/","og_locale":"en_US","og_type":"article","og_title":"Agenda L'ombre de Tom - Le bel apr\u00e8s-minuit","og_description":"All dates for L'ombre de Tom","og_url":"https:\/\/lebelapresminuit.com\/en\/agenda-lombre-de-tom\/","og_site_name":"Le bel apr\u00e8s-minuit","article_modified_time":"2025-11-07T09:24:50+00:00","og_image":[{"width":1280,"height":720,"url":"https:\/\/lebelapresminuit.com\/wp-content\/uploads\/2025\/09\/les-abimes-2.jpg","type":"image\/jpeg"}],"twitter_card":"summary_large_image","twitter_misc":{"Est. reading time":"1 minute"},"schema":{"@context":"https:\/\/schema.org","@graph":[{"@type":"WebPage","@id":"https:\/\/lebelapresminuit.com\/en\/agenda-lombre-de-tom\/","url":"https:\/\/lebelapresminuit.com\/en\/agenda-lombre-de-tom\/","name":"Agenda L'ombre de Tom - Le bel apr\u00e8s-minuit","isPartOf":{"@id":"https:\/\/lebelapresminuit.com\/#website"},"datePublished":"2025-09-18T09:17:18+00:00","dateModified":"2025-11-07T09:24:50+00:00","description":"All dates for L'ombre de Tom","breadcrumb":{"@id":"https:\/\/lebelapresminuit.com\/en\/agenda-lombre-de-tom\/#breadcrumb"},"inLanguage":"en-US","potentialAction":[{"@type":"ReadAction","target":["https:\/\/lebelapresminuit.com\/en\/agenda-lombre-de-tom\/"]}]},{"@type":"BreadcrumbList","@id":"https:\/\/lebelapresminuit.com\/en\/agenda-lombre-de-tom\/#breadcrumb","itemListElement":[{"@type":"ListItem","position":1,"name":"Accueil","item":"https:\/\/lebelapresminuit.com\/en\/home\/"},{"@type":"ListItem","position":2,"name":"Agenda L&#8217;ombre de Tom"}]},{"@type":"WebSite","@id":"https:\/\/lebelapresminuit.com\/#website","url":"https:\/\/lebelapresminuit.com\/","name":"Le bel apr\u00e8s-minuit","description":"Compagnie de th\u00e9\u00e2tre jeune public","publisher":{"@id":"https:\/\/lebelapresminuit.com\/#organization"},"potentialAction":[{"@type":"SearchAction","target":{"@type":"EntryPoint","urlTemplate":"https:\/\/lebelapresminuit.com\/?s={search_term_string}"},"query-input":{"@type":"PropertyValueSpecification","valueRequired":true,"valueName":"search_term_string"}}],"inLanguage":"en-US"},{"@type":"Organization","@id":"https:\/\/lebelapresminuit.com\/#organization","name":"Le bel apr\u00e8s-minuit","url":"https:\/\/lebelapresminuit.com\/","logo":{"@type":"ImageObject","inLanguage":"en-US","@id":"https:\/\/lebelapresminuit.com\/#\/schema\/logo\/image\/","url":"https:\/\/lebelapresminuit.com\/wp-content\/uploads\/2025\/06\/le-bel-apres-minuit-logo-couleur.png","contentUrl":"https:\/\/lebelapresminuit.com\/wp-content\/uploads\/2025\/06\/le-bel-apres-minuit-logo-couleur.png","width":695,"height":569,"caption":"Le bel apr\u00e8s-minuit"},"image":{"@id":"https:\/\/lebelapresminuit.com\/#\/schema\/logo\/image\/"}}]}},"_links":{"self":[{"href":"https:\/\/lebelapresminuit.com\/en\/wp-json\/wp\/v2\/pages\/2298","targetHints":{"allow":["GET"]}}],"collection":[{"href":"https:\/\/lebelapresminuit.com\/en\/wp-json\/wp\/v2\/pages"}],"about":[{"href":"https:\/\/lebelapresminuit.com\/en\/wp-json\/wp\/v2\/types\/page"}],"author":[{"embeddable":true,"href":"https:\/\/lebelapresminuit.com\/en\/wp-json\/wp\/v2\/users\/1"}],"replies":[{"embeddable":true,"href":"https:\/\/lebelapresminuit.com\/en\/wp-json\/wp\/v2\/comments?post=2298"}],"version-history":[{"count":12,"href":"https:\/\/lebelapresminuit.com\/en\/wp-json\/wp\/v2\/pages\/2298\/revisions"}],"predecessor-version":[{"id":2917,"href":"https:\/\/lebelapresminuit.com\/en\/wp-json\/wp\/v2\/pages\/2298\/revisions\/2917"}],"wp:attachment":[{"href":"https:\/\/lebelapresminuit.com\/en\/wp-json\/wp\/v2\/media?parent=2298"}],"curies":[{"name":"wp","href":"https:\/\/api.w.org\/{rel}","templated":true}]}}